{"id":881,"date":"2023-10-05T12:50:24","date_gmt":"2023-10-05T10:50:24","guid":{"rendered":"https:\/\/www.jusproconsulting.com\/juspro-consulting\/"},"modified":"2023-12-20T09:02:40","modified_gmt":"2023-12-20T08:02:40","slug":"juspro-consulting","status":"publish","type":"page","link":"https:\/\/www.jusproconsulting.com\/es\/","title":{"rendered":"JusPro Consulting"},"content":{"rendered":"<section class=\"l-section wpb_row us_custom_4c77c721 height_large full_height valign_bottom parallax_fixed with_slider\"><div class=\"l-section-slider\"><div class=\"w-slider style_none fit_cover nav_none count_3\"><div class=\"w-slider-h\"><div class=\"royalSlider\"><div class=\"rsContent\"><a class=\"rsImg\" data-rsw=\"1920\" data-rsh=\"500\" href=\"https:\/\/www.jusproconsulting.com\/wp-content\/uploads\/2023\/12\/sentmenat-color.webp\"><span data-alt=\"Sentmenat\"><\/span><\/a><\/div><div class=\"rsContent\"><a class=\"rsImg\" data-rsw=\"1200\" data-rsh=\"800\" href=\"https:\/\/www.jusproconsulting.com\/wp-content\/uploads\/2023\/12\/sabadell-color.webp\"><span data-alt=\"Sabadell\"><\/span><\/a><\/div><div class=\"rsContent\"><a class=\"rsImg\" data-rsw=\"1024\" data-rsh=\"768\" href=\"https:\/\/www.jusproconsulting.com\/wp-content\/uploads\/2023\/12\/sant-llorenc-color.webp\"><span data-alt=\"Sant Lloren\u00e7\"><\/span><\/a><\/div><\/div><img decoding=\"async\" src=\"https:\/\/www.jusproconsulting.com\/wp-content\/uploads\/2023\/12\/sentmenat-color.webp\" width=\"1920\" height=\"500\" alt=\"Sentmenat\" loading=\"lazy\"><\/div><div class=\"w-slider-json\" onclick='return {&quot;autoScaleSlider&quot;:true,&quot;addActiveClass&quot;:true,&quot;loop&quot;:true,&quot;fadeInLoadedSlide&quot;:false,&quot;slidesSpacing&quot;:0,&quot;imageScalePadding&quot;:0,&quot;numImagesToPreload&quot;:2,&quot;arrowsNav&quot;:false,&quot;arrowsNavAutoHide&quot;:false,&quot;transitionType&quot;:&quot;fade&quot;,&quot;transitionSpeed&quot;:1000,&quot;block&quot;:{&quot;moveEffect&quot;:&quot;none&quot;,&quot;speed&quot;:300},&quot;thumbs&quot;:{&quot;fitInViewport&quot;:false,&quot;firstMargin&quot;:false,&quot;spacing&quot;:4},&quot;controlNavigation&quot;:&quot;none&quot;,&quot;autoplay&quot;:{&quot;enabled&quot;:true,&quot;pauseOnHover&quot;:false,&quot;delay&quot;:4000},&quot;autoScaleSliderWidth&quot;:1920,&quot;autoScaleSliderHeight&quot;:500}'><\/div><\/div><\/div><div class=\"l-section-overlay\" style=\"background:rgba(0,0,0,0.20)\"><\/div><div class=\"l-section-h i-cf\"><div class=\"g-cols vc_row via_grid cols_1 laptops-cols_inherit tablets-cols_inherit mobiles-cols_1 valign_top type_default stacking_default\"><div class=\"wpb_column vc_column_container\"><div class=\"vc_column-inner\"><h1 class=\"w-text us_custom_f409225d has_text_color\"><span class=\"w-text-h\"><span class=\"w-text-value\">Abogados y asesores especialistas en derecho civil, familia, fiscal y laboral<\/span><\/span><\/h1><div class=\"w-btn-wrapper align_center\"><a class=\"w-btn us-btn-style_1\" href=\"https:\/\/www.jusproconsulting.com\/es\/contacto\/\"><span class=\"w-btn-label\">Cont\u00e1ctanos<\/span><\/a><\/div><div class=\"w-separator size_small\"><\/div><div class=\"w-iconbox iconpos_top style_default color_custom align_center no_text no_title\"><a href=\"#start\" class=\"w-iconbox-link\" aria-label=\"fal|chevron-down\"><div class=\"w-iconbox-icon\" style=\"font-size:2rem;--icon-color:var(--color-chrome-toolbar);\"><i class=\"fal fa-chevron-down\"><\/i><\/div><\/a><div class=\"w-iconbox-meta\"><\/div><\/div><div class=\"w-separator size_medium\"><\/div><\/div><\/div><\/div><\/div><\/section><section class=\"l-section wpb_row us_custom_4f9f8b4e height_medium\" id=\"start\"><div class=\"l-section-h i-cf\"><div class=\"g-cols vc_row via_grid cols_1 laptops-cols_inherit tablets-cols_inherit mobiles-cols_1 valign_top type_default stacking_default\"><div class=\"wpb_column vc_column_container\"><div class=\"vc_column-inner\"><h2 class=\"w-text\"><span class=\"w-text-h\"><span class=\"w-text-value\">Filosof\u00eda y nuestra raz\u00f3n de ser<\/span><\/span><\/h2><div class=\"wpb_text_column\"><div class=\"wpb_wrapper\"><p><strong>Juspro Consulting<\/strong> es un bufete jur\u00eddico multidisciplinar creado en 2010, con el objetivo principal de ofrecer un servicio de asesoramiento legal y una gesti\u00f3n integral de calidad a empresas, profesionales y particulares.<\/p>\n<p>Desde sus inicios, el despacho se distingue por proporcionar un <strong>servicio de asistencia legal de alta calidad, con un trato inmediato, sincero y personalizado a sus clientes<\/strong>. Todo esto es posible gracias a un equipo humano de profesionales joven y din\u00e1mico, con amplia experiencia y especializaci\u00f3n en los \u00e1mbitos fiscal, mercantil, laboral, civil y penal del derecho.<\/p>\n<p>Nuestra principal raz\u00f3n de ser es defender los derechos y velar por los intereses de nuestros clientes, manteniendo la <strong>profesionalidad y la honestidad<\/strong> que nos caracteriza. <strong>Si un litigio no tiene soluci\u00f3n, nuestro deber es decirlo, porque si nuestros clientes no ganan, nosotros tampoco.<\/strong><\/p>\n<\/div><\/div><\/div><\/div><\/div><\/div><\/section><section class=\"l-section wpb_row us_custom_eb849559 height_small color_alternate\"><div class=\"l-section-h i-cf\"><div class=\"g-cols vc_row via_grid cols_3 laptops-cols_inherit tablets-cols_inherit mobiles-cols_1 valign_top type_default stacking_default\"><div class=\"wpb_column vc_column_container\"><div class=\"vc_column-inner\"><div class=\"w-iconbox iconpos_top style_outlined color_primary align_center no_text\"><div class=\"w-iconbox-icon\" style=\"font-size:1.8rem;\"><i class=\"fas fa-users-cog\"><\/i><\/div><div class=\"w-iconbox-meta\"><div class=\"w-iconbox-title\" style=\"font-size:1.5rem;\">Gesti\u00f3n integral<\/div><\/div><\/div><\/div><\/div><div class=\"wpb_column vc_column_container\"><div class=\"vc_column-inner\"><div class=\"w-iconbox iconpos_top style_outlined color_primary align_center no_text\"><div class=\"w-iconbox-icon\" style=\"font-size:1.8rem;\"><i class=\"fas fa-comments\"><\/i><\/div><div class=\"w-iconbox-meta\"><div class=\"w-iconbox-title\" style=\"font-size:1.5rem;\">Trato personalizado<\/div><\/div><\/div><\/div><\/div><div class=\"wpb_column vc_column_container\"><div class=\"vc_column-inner\"><div class=\"w-iconbox iconpos_top style_outlined color_primary align_center no_text\"><div class=\"w-iconbox-icon\" style=\"font-size:1.8rem;\"><i class=\"fas fa-hands-helping\"><\/i><\/div><div class=\"w-iconbox-meta\"><div class=\"w-iconbox-title\" style=\"font-size:1.5rem;\">Asistencia legal individualizada<\/div><\/div><\/div><\/div><\/div><\/div><\/div><\/section><section class=\"l-section wpb_row us_custom_231d0f50 height_medium\"><div class=\"l-section-h i-cf\"><div class=\"g-cols vc_row via_grid cols_1 laptops-cols_inherit tablets-cols_inherit mobiles-cols_1 valign_top type_default reversed stacking_default\"><div class=\"wpb_column vc_column_container\"><div class=\"vc_column-inner\"><div class=\"g-cols wpb_row via_grid cols_2 laptops-cols_inherit tablets-cols_inherit mobiles-cols_1 valign_top type_default stacking_default\" style=\"--gap:3rem;\"><div class=\"wpb_column vc_column_container\"><div class=\"vc_column-inner\"><div class=\"w-image has_ratio align_none\"><div class=\"w-image-h\"><div style=\"padding-bottom:75%\"><\/div><img decoding=\"async\" width=\"1024\" height=\"683\" src=\"https:\/\/www.jusproconsulting.com\/wp-content\/uploads\/2023\/12\/llibres-jusproconsulting-1024x683.webp\" class=\"attachment-large size-large\" alt=\"\" loading=\"lazy\" \/><\/div><\/div><\/div><\/div><div class=\"wpb_column vc_column_container\"><div class=\"vc_column-inner\"><h2 class=\"w-text\"><span class=\"w-text-h\"><span class=\"w-text-value\">Servicio de asesoramiento jur\u00eddico y gesti\u00f3n integral de calidad para empresas y particulares<\/span><\/span><\/h2><div class=\"wpb_text_column\"><div class=\"wpb_wrapper\"><p>En nuestro despacho, ofrecemos un servicio de asesoramiento jur\u00eddico de primer nivel y gestionamos de forma integral y personalizada todas tus necesidades legales, ya seas una empresa o un particular. Nos enorgullece proporcionar soluciones legales de calidad, centradas en los detalles y adaptadas a las \u00fanicas circunstancias de cada cliente.<\/p>\n<\/div><\/div><\/div><\/div><\/div><\/div><\/div><\/div><\/div><\/section><section class=\"l-section wpb_row us_custom_e491ad69 height_medium\"><div class=\"l-section-h i-cf\"><div class=\"g-cols vc_row via_grid cols_1 laptops-cols_inherit tablets-cols_inherit mobiles-cols_1 valign_top type_default stacking_default\"><div class=\"wpb_column vc_column_container\"><div class=\"vc_column-inner\"><h2 class=\"w-text us_custom_eb849559\"><span class=\"w-text-h\"><span class=\"w-text-value\">Somos miembros<\/span><\/span><\/h2><div class=\"g-cols wpb_row via_grid cols_3 laptops-cols_inherit tablets-cols_inherit mobiles-cols_1 valign_middle type_default stacking_default\" style=\"--gap:0.5rem;\"><div class=\"wpb_column vc_column_container\"><div class=\"vc_column-inner\"><div class=\"w-image us_custom_7dd14cac has_height align_center\"><a target=\"_blank\" href=\"https:\/\/www.e-consulting.org\/\" aria-label=\"E-CONSULTING-1\" class=\"w-image-h\"><img decoding=\"async\" width=\"300\" height=\"82\" src=\"https:\/\/www.jusproconsulting.com\/wp-content\/uploads\/2023\/12\/E-CONSULTING-1.png\" class=\"attachment-medium size-medium\" alt=\"\" loading=\"lazy\" srcset=\"https:\/\/www.jusproconsulting.com\/wp-content\/uploads\/2023\/12\/E-CONSULTING-1.png 300w, https:\/\/www.jusproconsulting.com\/wp-content\/uploads\/2023\/12\/E-CONSULTING-1-150x41.png 150w\" sizes=\"auto, (max-width: 300px) 100vw, 300px\" \/><\/a><\/div><\/div><\/div><div class=\"wpb_column vc_column_container us_custom_bd494823\"><div class=\"vc_column-inner\"><div class=\"w-image us_custom_7dd14cac has_height align_center\"><a target=\"_blank\" href=\" https:\/\/www.icasbd.org\/ca\" aria-label=\"escut-ica-sabadell\" class=\"w-image-h\"><img decoding=\"async\" width=\"291\" height=\"300\" src=\"https:\/\/www.jusproconsulting.com\/wp-content\/uploads\/2023\/11\/escut-ica-sabadell-291x300.png\" class=\"attachment-medium size-medium\" alt=\"\" loading=\"lazy\" srcset=\"https:\/\/www.jusproconsulting.com\/wp-content\/uploads\/2023\/11\/escut-ica-sabadell-291x300.png 291w, https:\/\/www.jusproconsulting.com\/wp-content\/uploads\/2023\/11\/escut-ica-sabadell-150x155.png 150w, https:\/\/www.jusproconsulting.com\/wp-content\/uploads\/2023\/11\/escut-ica-sabadell.png 772w\" sizes=\"auto, (max-width: 291px) 100vw, 291px\" \/><\/a><\/div><\/div><\/div><div class=\"wpb_column vc_column_container\"><div class=\"vc_column-inner\"><div class=\"w-image us_custom_7dd14cac has_height align_center\"><a target=\"_blank\" href=\"https:\/\/gestors.cat\/\" aria-label=\"col.legi.gestors\" class=\"w-image-h\"><img decoding=\"async\" width=\"300\" height=\"135\" src=\"https:\/\/www.jusproconsulting.com\/wp-content\/uploads\/2023\/11\/col.legi_.gestors-300x135.webp\" class=\"attachment-medium size-medium\" alt=\"\" loading=\"lazy\" srcset=\"https:\/\/www.jusproconsulting.com\/wp-content\/uploads\/2023\/11\/col.legi_.gestors-300x135.webp 300w, https:\/\/www.jusproconsulting.com\/wp-content\/uploads\/2023\/11\/col.legi_.gestors-150x67.webp 150w, https:\/\/www.jusproconsulting.com\/wp-content\/uploads\/2023\/11\/col.legi_.gestors.webp 446w\" sizes=\"auto, (max-width: 300px) 100vw, 300px\" \/><\/a><\/div><\/div><\/div><\/div><\/div><\/div><\/div><\/div><\/section>\n","protected":false},"excerpt":{"rendered":"Abogados y asesores especialistas en derecho civil, familia, fiscal y laboralCont\u00e1ctanosFilosof\u00eda y nuestra raz\u00f3n de serJuspro Consulting es un bufete jur\u00eddico multidisciplinar creado en 2010, con el objetivo principal de ofrecer un servicio de asesoramiento legal y una gesti\u00f3n integral de calidad a empresas, profesionales y particulares. Desde sus inicios, el despacho se distingue por...","protected":false},"author":1,"featured_media":0,"parent":0,"menu_order":0,"comment_status":"closed","ping_status":"closed","template":"","meta":{"_joinchat":[],"footnotes":""},"class_list":["post-881","page","type-page","status-publish","hentry"],"yoast_head":"<!-- This site is optimized with the Yoast SEO plugin v24.2 - https:\/\/yoast.com\/wordpress\/plugins\/seo\/ -->\n<title>JusPro Consulting | Asesor\u00eda legal, fiscal, contable y laboral<\/title>\n<meta name=\"description\" content=\"En Juspro Consulting ofrecemos servicios de asistencia legal de alta calidad, con un trato inmediato, sincero y personalizado a nuestros clientes.\" \/>\n<meta name=\"robots\" content=\"index, follow, max-snippet:-1, max-image-preview:large, max-video-preview:-1\" \/>\n<link rel=\"canonical\" href=\"https:\/\/www.jusproconsulting.com\/es\/\" \/>\n<meta property=\"og:locale\" content=\"es_ES\" \/>\n<meta property=\"og:type\" content=\"article\" \/>\n<meta property=\"og:title\" content=\"JusPro Consulting | Asesor\u00eda legal, fiscal, contable y laboral\" \/>\n<meta property=\"og:description\" content=\"En Juspro Consulting ofrecemos servicios de asistencia legal de alta calidad, con un trato inmediato, sincero y personalizado a nuestros clientes.\" \/>\n<meta property=\"og:url\" content=\"https:\/\/www.jusproconsulting.com\/es\/\" \/>\n<meta property=\"og:site_name\" content=\"JusPro Consulting\" \/>\n<meta property=\"article:modified_time\" content=\"2023-12-20T08:02:40+00:00\" \/>\n<meta name=\"twitter:card\" content=\"summary_large_image\" \/>\n<script type=\"application\/ld+json\" class=\"yoast-schema-graph\">{\"@context\":\"https:\/\/schema.org\",\"@graph\":[{\"@type\":\"WebPage\",\"@id\":\"https:\/\/www.jusproconsulting.com\/es\/\",\"url\":\"https:\/\/www.jusproconsulting.com\/es\/\",\"name\":\"JusPro Consulting | Asesor\u00eda legal, fiscal, contable y laboral\",\"isPartOf\":{\"@id\":\"https:\/\/www.jusproconsulting.com\/es\/#website\"},\"datePublished\":\"2023-10-05T10:50:24+00:00\",\"dateModified\":\"2023-12-20T08:02:40+00:00\",\"description\":\"En Juspro Consulting ofrecemos servicios de asistencia legal de alta calidad, con un trato inmediato, sincero y personalizado a nuestros clientes.\",\"breadcrumb\":{\"@id\":\"https:\/\/www.jusproconsulting.com\/es\/#breadcrumb\"},\"inLanguage\":\"es\",\"potentialAction\":[{\"@type\":\"ReadAction\",\"target\":[\"https:\/\/www.jusproconsulting.com\/es\/\"]}]},{\"@type\":\"BreadcrumbList\",\"@id\":\"https:\/\/www.jusproconsulting.com\/es\/#breadcrumb\",\"itemListElement\":[{\"@type\":\"ListItem\",\"position\":1,\"name\":\"Inici\",\"item\":\"https:\/\/www.jusproconsulting.com\/es\/\"},{\"@type\":\"ListItem\",\"position\":2,\"name\":\"JusPro Consulting\"}]},{\"@type\":\"WebSite\",\"@id\":\"https:\/\/www.jusproconsulting.com\/es\/#website\",\"url\":\"https:\/\/www.jusproconsulting.com\/es\/\",\"name\":\"JusPro Consulting\",\"description\":\"Servicio de Asesoramiento Jur\u00eddico Integral desde 2010\",\"potentialAction\":[{\"@type\":\"SearchAction\",\"target\":{\"@type\":\"EntryPoint\",\"urlTemplate\":\"https:\/\/www.jusproconsulting.com\/es\/?s={search_term_string}\"},\"query-input\":{\"@type\":\"PropertyValueSpecification\",\"valueRequired\":true,\"valueName\":\"search_term_string\"}}],\"inLanguage\":\"es\"}]}<\/script>\n<!-- \/ Yoast SEO plugin. -->","yoast_head_json":{"title":"JusPro Consulting | Asesor\u00eda legal, fiscal, contable y laboral","description":"En Juspro Consulting ofrecemos servicios de asistencia legal de alta calidad, con un trato inmediato, sincero y personalizado a nuestros clientes.","robots":{"index":"index","follow":"follow","max-snippet":"max-snippet:-1","max-image-preview":"max-image-preview:large","max-video-preview":"max-video-preview:-1"},"canonical":"https:\/\/www.jusproconsulting.com\/es\/","og_locale":"es_ES","og_type":"article","og_title":"JusPro Consulting | Asesor\u00eda legal, fiscal, contable y laboral","og_description":"En Juspro Consulting ofrecemos servicios de asistencia legal de alta calidad, con un trato inmediato, sincero y personalizado a nuestros clientes.","og_url":"https:\/\/www.jusproconsulting.com\/es\/","og_site_name":"JusPro Consulting","article_modified_time":"2023-12-20T08:02:40+00:00","twitter_card":"summary_large_image","schema":{"@context":"https:\/\/schema.org","@graph":[{"@type":"WebPage","@id":"https:\/\/www.jusproconsulting.com\/es\/","url":"https:\/\/www.jusproconsulting.com\/es\/","name":"JusPro Consulting | Asesor\u00eda legal, fiscal, contable y laboral","isPartOf":{"@id":"https:\/\/www.jusproconsulting.com\/es\/#website"},"datePublished":"2023-10-05T10:50:24+00:00","dateModified":"2023-12-20T08:02:40+00:00","description":"En Juspro Consulting ofrecemos servicios de asistencia legal de alta calidad, con un trato inmediato, sincero y personalizado a nuestros clientes.","breadcrumb":{"@id":"https:\/\/www.jusproconsulting.com\/es\/#breadcrumb"},"inLanguage":"es","potentialAction":[{"@type":"ReadAction","target":["https:\/\/www.jusproconsulting.com\/es\/"]}]},{"@type":"BreadcrumbList","@id":"https:\/\/www.jusproconsulting.com\/es\/#breadcrumb","itemListElement":[{"@type":"ListItem","position":1,"name":"Inici","item":"https:\/\/www.jusproconsulting.com\/es\/"},{"@type":"ListItem","position":2,"name":"JusPro Consulting"}]},{"@type":"WebSite","@id":"https:\/\/www.jusproconsulting.com\/es\/#website","url":"https:\/\/www.jusproconsulting.com\/es\/","name":"JusPro Consulting","description":"Servicio de Asesoramiento Jur\u00eddico Integral desde 2010","potentialAction":[{"@type":"SearchAction","target":{"@type":"EntryPoint","urlTemplate":"https:\/\/www.jusproconsulting.com\/es\/?s={search_term_string}"},"query-input":{"@type":"PropertyValueSpecification","valueRequired":true,"valueName":"search_term_string"}}],"inLanguage":"es"}]}},"_links":{"self":[{"href":"https:\/\/www.jusproconsulting.com\/es\/wp-json\/wp\/v2\/pages\/881","targetHints":{"allow":["GET"]}}],"collection":[{"href":"https:\/\/www.jusproconsulting.com\/es\/wp-json\/wp\/v2\/pages"}],"about":[{"href":"https:\/\/www.jusproconsulting.com\/es\/wp-json\/wp\/v2\/types\/page"}],"author":[{"embeddable":true,"href":"https:\/\/www.jusproconsulting.com\/es\/wp-json\/wp\/v2\/users\/1"}],"replies":[{"embeddable":true,"href":"https:\/\/www.jusproconsulting.com\/es\/wp-json\/wp\/v2\/comments?post=881"}],"version-history":[{"count":5,"href":"https:\/\/www.jusproconsulting.com\/es\/wp-json\/wp\/v2\/pages\/881\/revisions"}],"predecessor-version":[{"id":1185,"href":"https:\/\/www.jusproconsulting.com\/es\/wp-json\/wp\/v2\/pages\/881\/revisions\/1185"}],"wp:attachment":[{"href":"https:\/\/www.jusproconsulting.com\/es\/wp-json\/wp\/v2\/media?parent=881"}],"curies":[{"name":"wp","href":"https:\/\/api.w.org\/{rel}","templated":true}]}}