{"id":891,"date":"2023-11-17T09:59:07","date_gmt":"2023-11-17T08:59:07","guid":{"rendered":"https:\/\/www.jusproconsulting.com\/servicios\/"},"modified":"2023-12-15T11:17:06","modified_gmt":"2023-12-15T10:17:06","slug":"servicios","status":"publish","type":"page","link":"https:\/\/www.jusproconsulting.com\/es\/servicios\/","title":{"rendered":"Nuestros servicios"},"content":{"rendered":"<section class=\"l-section wpb_row us_custom_4c77c721 height_huge with_img parallax_fixed\"><div class=\"l-section-img\" role=\"img\" data-img-width=\"2560\" data-img-height=\"1707\" style=\"background-image: url(https:\/\/www.jusproconsulting.com\/wp-content\/uploads\/2023\/12\/juspro-serveis.webp);background-position: bottom center;background-repeat: no-repeat;\"><\/div><div class=\"l-section-overlay\" style=\"background:rgba(0,0,0,0.20)\"><\/div><div class=\"l-section-h i-cf\"><div class=\"g-cols vc_row via_grid cols_1 laptops-cols_inherit tablets-cols_inherit mobiles-cols_1 valign_bottom type_default stacking_default\"><div class=\"wpb_column vc_column_container\"><div class=\"vc_column-inner\"><h1 class=\"w-post-elm post_title us_custom_4d57b9bf has_text_color align_left entry-title color_link_inherit\">Nuestros servicios<\/h1><\/div><\/div><\/div><\/div><\/section><section class=\"l-section wpb_row height_medium\"><div class=\"l-section-h i-cf\"><div class=\"g-cols vc_row via_grid cols_1 laptops-cols_inherit tablets-cols_inherit mobiles-cols_1 valign_top type_default stacking_default\"><div class=\"wpb_column vc_column_container\"><div class=\"vc_column-inner\"><div class=\"w-grid type_grid layout_274 cols_3\" id=\"us_grid_1\" style=\"--gap:0.5rem;\" data-filterable=\"true\"><style>@media (max-width:1024px){#us_grid_1 .w-grid-item{width:50%}}@media (max-width:600px){#us_grid_1 .w-grid-list{margin:0}#us_grid_1 .w-grid-item{width:100%;padding:0;margin-bottom:var(--gap,0px)}}.layout_274 .w-grid-item-h{border-radius:0.3rem;box-shadow:0 0rem 0rem rgba(0,0,0,0.1),0 0rem 0rem rgba(0,0,0,0.1);transition-duration:0.3s}.no-touch .layout_274 .w-grid-item-h:hover{box-shadow:0 0.04rem 0.08rem rgba(0,0,0,0.1),0 0.13rem 0.4rem rgba(0,0,0,0.15);z-index:4}.layout_274 .usg_post_title_1{font-size:1.5rem!important}.layout_274 .usg_post_content_1{font-size:0.9rem!important}.layout_274 .usg_vwrapper_1{padding:1rem 1.5rem 1.5rem 1.5rem!important}.layout_274 .usg_vwrapper_2{border-radius:0.3rem!important;border:1px solid rgba(121,134,153,0.30)!important}<\/style><div class=\"w-grid-list\">\t<article class=\"w-grid-item size_1x1 post-894 us_portfolio type-us_portfolio status-publish has-post-thumbnail hentry us_portfolio_category-juridico\" data-id=\"894\">\r\n\t\t<div class=\"w-grid-item-h\">\r\n\t\t\t\t\t\t<div class=\"w-vwrapper usg_vwrapper_2 align_none valign_top\"><div class=\"w-post-elm post_image usg_post_image_1 img-servei stretched\"><a href=\"https:\/\/www.jusproconsulting.com\/es\/servei\/area-juridica\/\" aria-label=\"\u00c1rea jur\u00eddica\"><img loading=\"lazy\" decoding=\"async\" width=\"1024\" height=\"683\" src=\"https:\/\/www.jusproconsulting.com\/wp-content\/uploads\/2023\/10\/juspro-legal-1024x683.jpg\" class=\"attachment-large size-large wp-post-image\" alt=\"\" srcset=\"https:\/\/www.jusproconsulting.com\/wp-content\/uploads\/2023\/10\/juspro-legal-1024x683.jpg 1024w, https:\/\/www.jusproconsulting.com\/wp-content\/uploads\/2023\/10\/juspro-legal-300x200.jpg 300w, https:\/\/www.jusproconsulting.com\/wp-content\/uploads\/2023\/10\/juspro-legal-150x100.jpg 150w\" sizes=\"auto, (max-width: 1024px) 100vw, 1024px\" \/><\/a><\/div><div class=\"w-vwrapper usg_vwrapper_1 align_none valign_top\"><h2 class=\"w-post-elm post_title usg_post_title_1 entry-title color_link_inherit\"><a href=\"https:\/\/www.jusproconsulting.com\/es\/servei\/area-juridica\/\">\u00c1rea jur\u00eddica<\/a><\/h2><div class=\"w-post-elm post_content usg_post_content_1\">Transformamos problemas legales en soluciones. La complejidad del actual sistema legal hace necesario que este asesoramiento jur\u00eddico sea realizado por profesionales&hellip;<\/div><a class=\"w-btn us-btn-style_1 usg_btn_1\" href=\"https:\/\/www.jusproconsulting.com\/es\/servei\/area-juridica\/\"><span class=\"w-btn-label\">Saber m\u00e1s<\/span><\/a><\/div><\/div>\t\t<\/div>\r\n\t\t\t<\/article>\r\n\t<article class=\"w-grid-item size_1x1 post-897 us_portfolio type-us_portfolio status-publish has-post-thumbnail hentry us_portfolio_category-fiscal-es\" data-id=\"897\">\r\n\t\t<div class=\"w-grid-item-h\">\r\n\t\t\t\t\t\t<div class=\"w-vwrapper usg_vwrapper_2 align_none valign_top\"><div class=\"w-post-elm post_image usg_post_image_1 img-servei stretched\"><a href=\"https:\/\/www.jusproconsulting.com\/es\/servei\/area-fiscal-y-contable\/\" aria-label=\"\u00c1rea fiscal y contable\"><img loading=\"lazy\" decoding=\"async\" width=\"1024\" height=\"683\" src=\"https:\/\/www.jusproconsulting.com\/wp-content\/uploads\/2023\/10\/mujeres-negocios-trabajando-juntas-primer-plano-proyecto-1024x683.webp\" class=\"attachment-large size-large wp-post-image\" alt=\"servei fiscal\" srcset=\"https:\/\/www.jusproconsulting.com\/wp-content\/uploads\/2023\/10\/mujeres-negocios-trabajando-juntas-primer-plano-proyecto-1024x683.webp 1024w, https:\/\/www.jusproconsulting.com\/wp-content\/uploads\/2023\/10\/mujeres-negocios-trabajando-juntas-primer-plano-proyecto-300x200.webp 300w, https:\/\/www.jusproconsulting.com\/wp-content\/uploads\/2023\/10\/mujeres-negocios-trabajando-juntas-primer-plano-proyecto-150x100.webp 150w, https:\/\/www.jusproconsulting.com\/wp-content\/uploads\/2023\/10\/mujeres-negocios-trabajando-juntas-primer-plano-proyecto.webp 1800w\" sizes=\"auto, (max-width: 1024px) 100vw, 1024px\" \/><\/a><\/div><div class=\"w-vwrapper usg_vwrapper_1 align_none valign_top\"><h2 class=\"w-post-elm post_title usg_post_title_1 entry-title color_link_inherit\"><a href=\"https:\/\/www.jusproconsulting.com\/es\/servei\/area-fiscal-y-contable\/\">\u00c1rea fiscal y contable<\/a><\/h2><div class=\"w-post-elm post_content usg_post_content_1\">En un entorno complejo y cambiante como el actual, con nuestros servicios de asesoramiento y gesti\u00f3n, estamos junto a nuestros clientes&hellip;<\/div><a class=\"w-btn us-btn-style_1 usg_btn_1\" href=\"https:\/\/www.jusproconsulting.com\/es\/servei\/area-fiscal-y-contable\/\"><span class=\"w-btn-label\">Saber m\u00e1s<\/span><\/a><\/div><\/div>\t\t<\/div>\r\n\t\t\t<\/article>\r\n\t<article class=\"w-grid-item size_1x1 post-900 us_portfolio type-us_portfolio status-publish has-post-thumbnail hentry us_portfolio_category-laboral-es\" data-id=\"900\">\r\n\t\t<div class=\"w-grid-item-h\">\r\n\t\t\t\t\t\t<div class=\"w-vwrapper usg_vwrapper_2 align_none valign_top\"><div class=\"w-post-elm post_image usg_post_image_1 img-servei stretched\"><a href=\"https:\/\/www.jusproconsulting.com\/es\/servei\/area-laboral\/\" aria-label=\"\u00c1rea laboral\"><img loading=\"lazy\" decoding=\"async\" width=\"1024\" height=\"683\" src=\"https:\/\/www.jusproconsulting.com\/wp-content\/uploads\/2023\/10\/juspro-laboral-1024x683.jpg\" class=\"attachment-large size-large wp-post-image\" alt=\"\" srcset=\"https:\/\/www.jusproconsulting.com\/wp-content\/uploads\/2023\/10\/juspro-laboral-1024x683.jpg 1024w, https:\/\/www.jusproconsulting.com\/wp-content\/uploads\/2023\/10\/juspro-laboral-300x200.jpg 300w, https:\/\/www.jusproconsulting.com\/wp-content\/uploads\/2023\/10\/juspro-laboral-150x100.jpg 150w\" sizes=\"auto, (max-width: 1024px) 100vw, 1024px\" \/><\/a><\/div><div class=\"w-vwrapper usg_vwrapper_1 align_none valign_top\"><h2 class=\"w-post-elm post_title usg_post_title_1 entry-title color_link_inherit\"><a href=\"https:\/\/www.jusproconsulting.com\/es\/servei\/area-laboral\/\">\u00c1rea laboral<\/a><\/h2><div class=\"w-post-elm post_content usg_post_content_1\">En el \u00e1mbito laboral, proporcionamos servicios de asesoramiento integral, organizados esquem\u00e1ticamente en tres fases o estados diferentes, para abordar de forma&hellip;<\/div><a class=\"w-btn us-btn-style_1 usg_btn_1\" href=\"https:\/\/www.jusproconsulting.com\/es\/servei\/area-laboral\/\"><span class=\"w-btn-label\">Saber m\u00e1s<\/span><\/a><\/div><\/div>\t\t<\/div>\r\n\t\t\t<\/article>\r\n<\/div><div class=\"w-grid-preloader\">\t<div class=\"g-preloader type_1\">\r\n\t\t<div><\/div>\r\n\t<\/div>\r\n\t<\/div>\t<div class=\"w-grid-json hidden\" onclick='return {&quot;action&quot;:&quot;us_ajax_grid&quot;,&quot;infinite_scroll&quot;:0,&quot;max_num_pages&quot;:1,&quot;pagination&quot;:&quot;none&quot;,&quot;template_vars&quot;:{&quot;columns&quot;:&quot;3&quot;,&quot;exclude_items&quot;:&quot;none&quot;,&quot;img_size&quot;:&quot;default&quot;,&quot;ignore_items_size&quot;:0,&quot;items_layout&quot;:&quot;274&quot;,&quot;items_offset&quot;:&quot;1&quot;,&quot;load_animation&quot;:&quot;none&quot;,&quot;overriding_link&quot;:&quot;%7B%22url%22%3A%22%22%7D&quot;,&quot;post_id&quot;:0,&quot;query_args&quot;:{&quot;post_type&quot;:[&quot;us_portfolio&quot;],&quot;post_status&quot;:[&quot;publish&quot;],&quot;posts_per_page&quot;:&quot;10&quot;},&quot;orderby_query_args&quot;:{&quot;orderby&quot;:{&quot;date&quot;:&quot;ASC&quot;}},&quot;type&quot;:&quot;grid&quot;,&quot;us_grid_post_type&quot;:&quot;us_portfolio&quot;,&quot;us_grid_ajax_index&quot;:1,&quot;us_grid_filter_query_string&quot;:null,&quot;us_grid_index&quot;:1,&quot;page_args&quot;:[],&quot;lang&quot;:&quot;es&quot;}}'><\/div>\r\n\t<\/div><\/div><\/div><\/div><\/div><\/section>\n","protected":false},"excerpt":{"rendered":"Expertos en derecho laboral a tu servicio\u00c1rea laboralDamos servicio en todas las fases de trabajoFase inicialFase intermediaFase finalFase inicial Legalizaci\u00f3n de nuevas empresas. An\u00e1lisis entre las diferentes modalidades de contrataci\u00f3n existentes. Cl\u00e1usulas especiales: confidencialidad, exclusividad. Anexos. Encaramiento correcto en el R\u00e9gimen de la Seguridad Social (General, Aut\u00f3nomos, Servicio dom\u00e9stico). Fase intermedia Ordenaci\u00f3n de la estructura...","protected":false},"author":1,"featured_media":0,"parent":0,"menu_order":0,"comment_status":"closed","ping_status":"closed","template":"","meta":{"_joinchat":[],"footnotes":""},"class_list":["post-891","page","type-page","status-publish","hentry"],"yoast_head":"<!-- This site is optimized with the Yoast SEO plugin v24.2 - https:\/\/yoast.com\/wordpress\/plugins\/seo\/ -->\n<title>Servicios | Juspro Consulting<\/title>\n<meta name=\"description\" content=\"Juspro Consulting ofrecemos servicios de asesoramiento en las \u00e1reas jur\u00eddica, fiscal-contable y laboral. Pide cita y hablemos.\" \/>\n<meta name=\"robots\" content=\"index, follow, max-snippet:-1, max-image-preview:large, max-video-preview:-1\" \/>\n<link rel=\"canonical\" href=\"https:\/\/www.jusproconsulting.com\/es\/servicios\/\" \/>\n<meta property=\"og:locale\" content=\"es_ES\" \/>\n<meta property=\"og:type\" content=\"article\" \/>\n<meta property=\"og:title\" content=\"Servicios | Juspro Consulting\" \/>\n<meta property=\"og:description\" content=\"Juspro Consulting ofrecemos servicios de asesoramiento en las \u00e1reas jur\u00eddica, fiscal-contable y laboral. Pide cita y hablemos.\" \/>\n<meta property=\"og:url\" content=\"https:\/\/www.jusproconsulting.com\/es\/servicios\/\" \/>\n<meta property=\"og:site_name\" content=\"JusPro Consulting\" \/>\n<meta property=\"article:modified_time\" content=\"2023-12-15T10:17:06+00:00\" \/>\n<meta name=\"twitter:card\" content=\"summary_large_image\" \/>\n<script type=\"application\/ld+json\" class=\"yoast-schema-graph\">{\"@context\":\"https:\/\/schema.org\",\"@graph\":[{\"@type\":\"WebPage\",\"@id\":\"https:\/\/www.jusproconsulting.com\/es\/servicios\/\",\"url\":\"https:\/\/www.jusproconsulting.com\/es\/servicios\/\",\"name\":\"Servicios | Juspro Consulting\",\"isPartOf\":{\"@id\":\"https:\/\/www.jusproconsulting.com\/es\/#website\"},\"datePublished\":\"2023-11-17T08:59:07+00:00\",\"dateModified\":\"2023-12-15T10:17:06+00:00\",\"description\":\"Juspro Consulting ofrecemos servicios de asesoramiento en las \u00e1reas jur\u00eddica, fiscal-contable y laboral. Pide cita y hablemos.\",\"breadcrumb\":{\"@id\":\"https:\/\/www.jusproconsulting.com\/es\/servicios\/#breadcrumb\"},\"inLanguage\":\"es\",\"potentialAction\":[{\"@type\":\"ReadAction\",\"target\":[\"https:\/\/www.jusproconsulting.com\/es\/servicios\/\"]}]},{\"@type\":\"BreadcrumbList\",\"@id\":\"https:\/\/www.jusproconsulting.com\/es\/servicios\/#breadcrumb\",\"itemListElement\":[{\"@type\":\"ListItem\",\"position\":1,\"name\":\"Inici\",\"item\":\"https:\/\/www.jusproconsulting.com\/es\/\"},{\"@type\":\"ListItem\",\"position\":2,\"name\":\"Nuestros servicios\"}]},{\"@type\":\"WebSite\",\"@id\":\"https:\/\/www.jusproconsulting.com\/es\/#website\",\"url\":\"https:\/\/www.jusproconsulting.com\/es\/\",\"name\":\"JusPro Consulting\",\"description\":\"Servicio de Asesoramiento Jur\u00eddico Integral desde 2010\",\"potentialAction\":[{\"@type\":\"SearchAction\",\"target\":{\"@type\":\"EntryPoint\",\"urlTemplate\":\"https:\/\/www.jusproconsulting.com\/es\/?s={search_term_string}\"},\"query-input\":{\"@type\":\"PropertyValueSpecification\",\"valueRequired\":true,\"valueName\":\"search_term_string\"}}],\"inLanguage\":\"es\"}]}<\/script>\n<!-- \/ Yoast SEO plugin. -->","yoast_head_json":{"title":"Servicios | Juspro Consulting","description":"Juspro Consulting ofrecemos servicios de asesoramiento en las \u00e1reas jur\u00eddica, fiscal-contable y laboral. Pide cita y hablemos.","robots":{"index":"index","follow":"follow","max-snippet":"max-snippet:-1","max-image-preview":"max-image-preview:large","max-video-preview":"max-video-preview:-1"},"canonical":"https:\/\/www.jusproconsulting.com\/es\/servicios\/","og_locale":"es_ES","og_type":"article","og_title":"Servicios | Juspro Consulting","og_description":"Juspro Consulting ofrecemos servicios de asesoramiento en las \u00e1reas jur\u00eddica, fiscal-contable y laboral. Pide cita y hablemos.","og_url":"https:\/\/www.jusproconsulting.com\/es\/servicios\/","og_site_name":"JusPro Consulting","article_modified_time":"2023-12-15T10:17:06+00:00","twitter_card":"summary_large_image","schema":{"@context":"https:\/\/schema.org","@graph":[{"@type":"WebPage","@id":"https:\/\/www.jusproconsulting.com\/es\/servicios\/","url":"https:\/\/www.jusproconsulting.com\/es\/servicios\/","name":"Servicios | Juspro Consulting","isPartOf":{"@id":"https:\/\/www.jusproconsulting.com\/es\/#website"},"datePublished":"2023-11-17T08:59:07+00:00","dateModified":"2023-12-15T10:17:06+00:00","description":"Juspro Consulting ofrecemos servicios de asesoramiento en las \u00e1reas jur\u00eddica, fiscal-contable y laboral. Pide cita y hablemos.","breadcrumb":{"@id":"https:\/\/www.jusproconsulting.com\/es\/servicios\/#breadcrumb"},"inLanguage":"es","potentialAction":[{"@type":"ReadAction","target":["https:\/\/www.jusproconsulting.com\/es\/servicios\/"]}]},{"@type":"BreadcrumbList","@id":"https:\/\/www.jusproconsulting.com\/es\/servicios\/#breadcrumb","itemListElement":[{"@type":"ListItem","position":1,"name":"Inici","item":"https:\/\/www.jusproconsulting.com\/es\/"},{"@type":"ListItem","position":2,"name":"Nuestros servicios"}]},{"@type":"WebSite","@id":"https:\/\/www.jusproconsulting.com\/es\/#website","url":"https:\/\/www.jusproconsulting.com\/es\/","name":"JusPro Consulting","description":"Servicio de Asesoramiento Jur\u00eddico Integral desde 2010","potentialAction":[{"@type":"SearchAction","target":{"@type":"EntryPoint","urlTemplate":"https:\/\/www.jusproconsulting.com\/es\/?s={search_term_string}"},"query-input":{"@type":"PropertyValueSpecification","valueRequired":true,"valueName":"search_term_string"}}],"inLanguage":"es"}]}},"_links":{"self":[{"href":"https:\/\/www.jusproconsulting.com\/es\/wp-json\/wp\/v2\/pages\/891","targetHints":{"allow":["GET"]}}],"collection":[{"href":"https:\/\/www.jusproconsulting.com\/es\/wp-json\/wp\/v2\/pages"}],"about":[{"href":"https:\/\/www.jusproconsulting.com\/es\/wp-json\/wp\/v2\/types\/page"}],"author":[{"embeddable":true,"href":"https:\/\/www.jusproconsulting.com\/es\/wp-json\/wp\/v2\/users\/1"}],"replies":[{"embeddable":true,"href":"https:\/\/www.jusproconsulting.com\/es\/wp-json\/wp\/v2\/comments?post=891"}],"version-history":[{"count":5,"href":"https:\/\/www.jusproconsulting.com\/es\/wp-json\/wp\/v2\/pages\/891\/revisions"}],"predecessor-version":[{"id":1128,"href":"https:\/\/www.jusproconsulting.com\/es\/wp-json\/wp\/v2\/pages\/891\/revisions\/1128"}],"wp:attachment":[{"href":"https:\/\/www.jusproconsulting.com\/es\/wp-json\/wp\/v2\/media?parent=891"}],"curies":[{"name":"wp","href":"https:\/\/api.w.org\/{rel}","templated":true}]}}