{"id":930,"date":"2023-10-05T12:51:57","date_gmt":"2023-10-05T10:51:57","guid":{"rendered":"https:\/\/www.jusproconsulting.com\/contacto\/"},"modified":"2024-12-16T09:45:33","modified_gmt":"2024-12-16T08:45:33","slug":"contacto","status":"publish","type":"page","link":"https:\/\/www.jusproconsulting.com\/es\/contacto\/","title":{"rendered":"Contacto"},"content":{"rendered":"<section class=\"l-section wpb_row us_custom_4c77c721 height_huge with_img parallax_fixed\"><div class=\"l-section-img\" role=\"img\" data-img-width=\"2560\" data-img-height=\"1707\" style=\"background-image: url(https:\/\/www.jusproconsulting.com\/wp-content\/uploads\/2023\/11\/juspro-blog-scaled.webp);background-position: bottom right;background-repeat: no-repeat;\"><\/div><div class=\"l-section-overlay\" style=\"background:rgba(0,0,0,0.20)\"><\/div><div class=\"l-section-h i-cf\"><div class=\"g-cols vc_row via_grid cols_1 laptops-cols_inherit tablets-cols_inherit mobiles-cols_1 valign_bottom type_default stacking_default\"><div class=\"wpb_column vc_column_container\"><div class=\"vc_column-inner\"><h1 class=\"w-text us_custom_4d57b9bf has_text_color\"><span class=\"w-text-h\"><span class=\"w-text-value\">Contacto<\/span><\/span><\/h1><\/div><\/div><\/div><\/div><\/section><section class=\"l-section wpb_row height_medium\"><div class=\"l-section-h i-cf\"><div class=\"g-cols vc_row via_grid cols_1 laptops-cols_inherit tablets-cols_inherit mobiles-cols_1 valign_top type_default stacking_default\"><div class=\"wpb_column vc_column_container\"><div class=\"vc_column-inner\"><h2 class=\"w-text\"><span class=\"w-text-h\"><span class=\"w-text-value\">Oficinas<\/span><\/span><\/h2><div class=\"g-cols wpb_row via_grid cols_3 laptops-cols_inherit tablets-cols_inherit mobiles-cols_1 valign_top type_default stacking_default\" style=\"--gap:3rem;\"><div class=\"wpb_column vc_column_container\"><div class=\"vc_column-inner\"><div class=\"wpb_text_column\"><div class=\"wpb_wrapper\"><p>Sant Menna, 20 bajos<br \/>\n08181 Sentmenat (Barcelona)<\/p>\n<\/div><\/div><div class=\"w-separator size_small\"><\/div><div class=\"w-html\"><iframe src=\"https:\/\/www.google.com\/maps\/embed?pb=!1m18!1m12!1m3!1d2983.266032368552!2d2.134055275231715!3d41.60675858236065!2m3!1f0!2f0!3f0!3m2!1i1024!2i768!4f13.1!3m3!1m2!1s0x12a4eb134fd8f259:0xa54c29dde6dc3004!2sJUSPRO CONSULTING SERVICES!5e0!3m2!1ses!2ses!4v1700132124194!5m2!1ses!2ses\" width=\"600\" height=\"450\" style=\"border:0;border-radius:8px;\" allowfullscreen=\"\" loading=\"lazy\" referrerpolicy=\"no-referrer-when-downgrade\"><\/iframe><\/div><\/div><\/div><div class=\"wpb_column vc_column_container\"><div class=\"vc_column-inner\"><div class=\"wpb_text_column\"><div class=\"wpb_wrapper\"><p>Rambla 143, 1\u00ba 1\u00aa<br \/>\n08020 Sabadell (Barcelona)<\/p>\n<\/div><\/div><div class=\"w-separator size_small\"><\/div><div class=\"w-html\"><iframe src=\"https:\/\/www.google.com\/maps\/embed?pb=!1m18!1m12!1m3!1d420.02121255974004!2d2.1108302644839436!3d41.542102853356965!2m3!1f0!2f0!3f0!3m2!1i1024!2i768!4f13.1!3m3!1m2!1s0x12a49507596cfd47:0xb1037aa645e2fceb!2sRambla, 143, 08202 Sabadell, Barcelona!5e0!3m2!1ses!2ses!4v1700132382792!5m2!1ses!2ses\" width=\"600\" height=\"450\" style=\"border:0;border-radius:8px;\" allowfullscreen=\"\" loading=\"lazy\" referrerpolicy=\"no-referrer-when-downgrade\"><\/iframe><\/div><\/div><\/div><div class=\"wpb_column vc_column_container\"><div class=\"vc_column-inner\"><div class=\"wpb_text_column\"><div class=\"wpb_wrapper\"><p>Sant Antoni Maria Claret 45<br \/>\n08212 Sant Lloren\u00e7 Savall (Barcelona)<\/p>\n<\/div><\/div><div class=\"w-separator size_small\"><\/div><div class=\"w-html\"><iframe src=\"https:\/\/www.google.com\/maps\/embed?pb=!1m18!1m12!1m3!1d1988.7957604449905!2d2.0528983389207607!3d41.681085563361165!2m3!1f0!2f0!3f0!3m2!1i1024!2i768!4f13.1!3m3!1m2!1s0x12a4eeb85c79347b:0x1e7705fadb95920c!2sPol. Ind. Pons Ferrer, Carrer Sant Antoni Maria Claret, 45, 08212 Sant Lloren\u00e7 Savall, Barcelona!5e0!3m2!1ses!2ses!4v1734335961990!5m2!1ses!2ses\" width=\"600\" height=\"450\" style=\"border:0;\" allowfullscreen=\"\" loading=\"lazy\" referrerpolicy=\"no-referrer-when-downgrade\"><\/iframe><\/div><\/div><\/div><\/div><\/div><\/div><\/div><\/div><\/section><section class=\"l-section wpb_row height_medium color_alternate\"><div class=\"l-section-h i-cf\"><div class=\"g-cols vc_row via_grid cols_1 laptops-cols_inherit tablets-cols_inherit mobiles-cols_1 valign_top type_default stacking_default\"><div class=\"wpb_column vc_column_container\"><div class=\"vc_column-inner\"><h3 class=\"w-text\"><span class=\"w-text-h\"><span class=\"w-text-value\">Contacta con nosotros<\/span><\/span><\/h3><div class=\"w-separator size_small\"><\/div><div class=\"g-cols wpb_row via_grid cols_2 laptops-cols_inherit tablets-cols_inherit mobiles-cols_1 valign_top type_default stacking_default\" style=\"--gap:3rem;\"><div class=\"wpb_column vc_column_container\"><div class=\"vc_column-inner\"><div class=\"w-iconbox link-page iconpos_left style_default color_primary align_none no_text\"><a href=\"tel:937154203\" class=\"w-iconbox-link\" aria-label=\"93 715 42 03\"><div class=\"w-iconbox-icon\" style=\"font-size:1.2rem;\"><i class=\"fas fa-phone\"><\/i><\/div><\/a><div class=\"w-iconbox-meta\"><a href=\"tel:937154203\" class=\"w-iconbox-link\" aria-label=\"93 715 42 03\"><p class=\"w-iconbox-title\">93 715 42 03<\/p><\/a><\/div><\/div><div class=\"w-separator size_small\"><\/div><div class=\"w-iconbox link-page iconpos_left style_default color_primary align_none no_text\"><a href=\"tel:648010861\" class=\"w-iconbox-link\" aria-label=\"648 01 08 61\"><div class=\"w-iconbox-icon\" style=\"font-size:1.2rem;\"><i class=\"fas fa-mobile\"><\/i><\/div><\/a><div class=\"w-iconbox-meta\"><a href=\"tel:648010861\" class=\"w-iconbox-link\" aria-label=\"648 01 08 61\"><p class=\"w-iconbox-title\">648 01 08 61<\/p><\/a><\/div><\/div><div class=\"w-separator size_small\"><\/div><div class=\"w-iconbox link-page iconpos_left style_default color_primary align_none no_text\"><a href=\"mailto:info@jusproconsulting.com\" class=\"w-iconbox-link\" aria-label=\"info@jusproconsulting.com\"><div class=\"w-iconbox-icon\" style=\"font-size:1.2rem;\"><i class=\"fas fa-envelope\"><\/i><\/div><\/a><div class=\"w-iconbox-meta\"><a href=\"mailto:info@jusproconsulting.com\" class=\"w-iconbox-link\" aria-label=\"info@jusproconsulting.com\"><p class=\"w-iconbox-title\">info@jusproconsulting.com<\/p><\/a><\/div><\/div><\/div><\/div><div class=\"wpb_column vc_column_container\"><div class=\"vc_column-inner\"><form class=\"w-form  us-field-style_1 layout_ver for_cform us_form_1\" autocomplete=\"off\" action=\"https:\/\/www.jusproconsulting.com\/es\/wp-json\/wp\/v2\/pages\/930\" method=\"post\"><div class=\"w-form-h\"><div class=\"w-form-row for_text has_label required\">\r\n\t\t\t<div class=\"w-form-row-label\">\r\n\t\t\t<span>Nombre y apellidos *<\/span>\r\n\t\t<\/div>\r\n\t\t<div class=\"w-form-row-field\">\r\n\t\t\t\t\t\t<input aria-label=\"Nombre y apellidos\" type=\"text\" name=\"us_form_1_text_1\" value placeholder data-required=\"true\" aria-required=\"true\"\/>\r\n\t\t\t<\/div>\r\n\t\t<div class=\"w-form-row-state\">Complete este campo<\/div>\r\n<\/div>\r\n<div class=\"w-form-row for_email has_label required\">\r\n\t\t\t<div class=\"w-form-row-label\">\r\n\t\t\t<span>Correo electr\u00f3nico *<\/span>\r\n\t\t<\/div>\r\n\t\t<div class=\"w-form-row-field\">\r\n\t\t\t\t\t\t<input aria-label=\"Correo electr\u00f3nico\" type=\"email\" name=\"us_form_1_email_1\" value placeholder data-required=\"true\" aria-required=\"true\"\/>\r\n\t\t\t<\/div>\r\n\t\t<div class=\"w-form-row-state\">Por favor, introduce una direcci\u00f3n de correo electr\u00f3nico v\u00e1lida.<\/div>\r\n<\/div>\r\n<div class=\"w-form-row for_text has_label required\">\r\n\t\t\t<div class=\"w-form-row-label\">\r\n\t\t\t<span>Asunto *<\/span>\r\n\t\t<\/div>\r\n\t\t<div class=\"w-form-row-field\">\r\n\t\t\t\t\t\t<input aria-label=\"Asunto\" type=\"text\" name=\"us_form_1_text_2\" value placeholder data-required=\"true\" aria-required=\"true\"\/>\r\n\t\t\t<\/div>\r\n\t\t<div class=\"w-form-row-state\">Complete este campo<\/div>\r\n<\/div>\r\n<div class=\"w-form-row for_textarea has_label\">\r\n\t\t\t<div class=\"w-form-row-label\">\r\n\t\t\t<span>Mensaje<\/span>\r\n\t\t<\/div>\r\n\t\t<div class=\"w-form-row-field\">\r\n\t\t\t\t\t\t<textarea aria-label=\"Mensaje\" name=\"us_form_1_textarea_1\" placeholder><\/textarea>\r\n\t\t\t<\/div>\r\n\t\t<div class=\"w-form-row-state\">Complete este campo<\/div>\r\n<\/div>\r\n<div class=\"w-form-row for_agreement required\">\r\n\t\t<div class=\"w-form-row-field\">\r\n\t\t\t\t<label>\r\n\t\t\t<input type=\"checkbox\" value=\"1\" data-required=\"true\" aria-required=\"true\" name=\"us_form_1_agreement_1\"\/>\r\n\t\t\t<span>Acepto la <a href=\"https:\/\/www.jusproconsulting.com\/es\/politica-de-privacidad\/\"> pol\u00edtica de privacidad<\/a> de la p\u00e1gina web.<\/span>\r\n\t\t<\/label>\r\n\t\t\t<\/div>\r\n\t\t<div class=\"w-form-row-state\">Debes aceptar la pol\u00edtica de privacidad<\/div>\r\n<\/div>\r\n<div class=\"w-form-row for_captcha required with_icon\">\r\n\t<div class=\"w-form-row-label\">\r\n\t\t<span> <span>26 + 15 = ?<\/span><\/span>\r\n\t<\/div>\r\n\t<div class=\"w-form-row-field\">\r\n\t\t\t\t<input type=\"hidden\" name=\"us_form_1_captcha_1_hash\" value=\"7e5024d0dfb6369b1347b408929e6f9b\" \/>\r\n\t\t<i class=\"fal fa-robot\"><\/i>\t\t<input aria-label=\"us_form_1_captcha_1\" type=\"text\" name=\"us_form_1_captcha_1\" placeholder data-required=\"true\" aria-required=\"true\"\/>\r\n\t\t\t<\/div>\r\n\t\t\t<div class=\"w-form-row-description\">\r\n\t\t\tDemuestra que no eres un robot\t\t<\/div>\r\n\t\t<div class=\"w-form-row-state\">Ingrese el resultado de la ecuaci\u00f3n para continuar<\/div>\r\n<\/div>\r\n<input type=\"hidden\" name=\"action\" value=\"us_ajax_cform\" \/>\r\n<input type=\"hidden\" name=\"post_id\" value=\"0\" \/>\r\n<input type=\"hidden\" name=\"form_index\" value=\"1\" \/>\r\n<div class=\"w-form-row for_submit align_none\">\r\n\t<button class=\"w-btn  us-btn-style_1\" aria-label=\"Enviar\" type=\"submit\">\r\n\t\t<span class=\"g-preloader type_1\"><\/span>\r\n\t\t\t\t<span class=\"w-btn-label\">Enviar<\/span>\r\n\t\t\t<\/button>\r\n\t<\/div>\r\n<\/div><div class=\"w-form-message\"><\/div><div class=\"w-form-json hidden\" onclick='return {&quot;ajaxurl&quot;:&quot;https:\\\/\\\/www.jusproconsulting.com\\\/wp-admin\\\/admin-ajax.php&quot;,&quot;messages&quot;:{&quot;err_empty&quot;:&quot;Complete este campo&quot;,&quot;err_size&quot;:&quot;File size cannot exceed %s MB&quot;,&quot;err_extension&quot;:&quot;%s file type is not allowed&quot;}}'><\/div><\/form><\/div><\/div><\/div><\/div><\/div><\/div><\/div><\/section>\n","protected":false},"excerpt":{"rendered":"ContactoOficinasSant Menna, 20 bajos 08181 Sentmenat (Barcelona) Rambla 143, 1\u00ba 1\u00aa 08020 Sabadell (Barcelona) Sant Antoni Maria Claret 45 08212 Sant Lloren\u00e7 Savall (Barcelona) Contacta con nosotros93 715 42 03648 01 08 61info@jusproconsulting.com Nombre y apellidos * Complete este campo Correo electr\u00f3nico * Por favor, introduce una direcci\u00f3n de correo electr\u00f3nico v\u00e1lida. Asunto * Complete...","protected":false},"author":1,"featured_media":0,"parent":0,"menu_order":0,"comment_status":"closed","ping_status":"closed","template":"","meta":{"_joinchat":[],"footnotes":""},"class_list":["post-930","page","type-page","status-publish","hentry"],"yoast_head":"<!-- This site is optimized with the Yoast SEO plugin v24.2 - https:\/\/yoast.com\/wordpress\/plugins\/seo\/ -->\n<title>Contacto | JusPro Consulting<\/title>\n<meta name=\"description\" content=\"Contacta con Juspro Consulting, te atenderemos a la mayor brevedad posible.\" \/>\n<meta name=\"robots\" content=\"index, follow, max-snippet:-1, max-image-preview:large, max-video-preview:-1\" \/>\n<link rel=\"canonical\" href=\"https:\/\/www.jusproconsulting.com\/es\/contacto\/\" \/>\n<meta property=\"og:locale\" content=\"es_ES\" \/>\n<meta property=\"og:type\" content=\"article\" \/>\n<meta property=\"og:title\" content=\"Contacto | JusPro Consulting\" \/>\n<meta property=\"og:description\" content=\"Contacta con Juspro Consulting, te atenderemos a la mayor brevedad posible.\" \/>\n<meta property=\"og:url\" content=\"https:\/\/www.jusproconsulting.com\/es\/contacto\/\" \/>\n<meta property=\"og:site_name\" content=\"JusPro Consulting\" \/>\n<meta property=\"article:modified_time\" content=\"2024-12-16T08:45:33+00:00\" \/>\n<meta name=\"twitter:card\" content=\"summary_large_image\" \/>\n<script type=\"application\/ld+json\" class=\"yoast-schema-graph\">{\"@context\":\"https:\/\/schema.org\",\"@graph\":[{\"@type\":\"WebPage\",\"@id\":\"https:\/\/www.jusproconsulting.com\/es\/contacto\/\",\"url\":\"https:\/\/www.jusproconsulting.com\/es\/contacto\/\",\"name\":\"Contacto | JusPro Consulting\",\"isPartOf\":{\"@id\":\"https:\/\/www.jusproconsulting.com\/es\/#website\"},\"datePublished\":\"2023-10-05T10:51:57+00:00\",\"dateModified\":\"2024-12-16T08:45:33+00:00\",\"description\":\"Contacta con Juspro Consulting, te atenderemos a la mayor brevedad posible.\",\"breadcrumb\":{\"@id\":\"https:\/\/www.jusproconsulting.com\/es\/contacto\/#breadcrumb\"},\"inLanguage\":\"es\",\"potentialAction\":[{\"@type\":\"ReadAction\",\"target\":[\"https:\/\/www.jusproconsulting.com\/es\/contacto\/\"]}]},{\"@type\":\"BreadcrumbList\",\"@id\":\"https:\/\/www.jusproconsulting.com\/es\/contacto\/#breadcrumb\",\"itemListElement\":[{\"@type\":\"ListItem\",\"position\":1,\"name\":\"Inici\",\"item\":\"https:\/\/www.jusproconsulting.com\/es\/\"},{\"@type\":\"ListItem\",\"position\":2,\"name\":\"Contacto\"}]},{\"@type\":\"WebSite\",\"@id\":\"https:\/\/www.jusproconsulting.com\/es\/#website\",\"url\":\"https:\/\/www.jusproconsulting.com\/es\/\",\"name\":\"JusPro Consulting\",\"description\":\"Servicio de Asesoramiento Jur\u00eddico Integral desde 2010\",\"potentialAction\":[{\"@type\":\"SearchAction\",\"target\":{\"@type\":\"EntryPoint\",\"urlTemplate\":\"https:\/\/www.jusproconsulting.com\/es\/?s={search_term_string}\"},\"query-input\":{\"@type\":\"PropertyValueSpecification\",\"valueRequired\":true,\"valueName\":\"search_term_string\"}}],\"inLanguage\":\"es\"}]}<\/script>\n<!-- \/ Yoast SEO plugin. -->","yoast_head_json":{"title":"Contacto | JusPro Consulting","description":"Contacta con Juspro Consulting, te atenderemos a la mayor brevedad posible.","robots":{"index":"index","follow":"follow","max-snippet":"max-snippet:-1","max-image-preview":"max-image-preview:large","max-video-preview":"max-video-preview:-1"},"canonical":"https:\/\/www.jusproconsulting.com\/es\/contacto\/","og_locale":"es_ES","og_type":"article","og_title":"Contacto | JusPro Consulting","og_description":"Contacta con Juspro Consulting, te atenderemos a la mayor brevedad posible.","og_url":"https:\/\/www.jusproconsulting.com\/es\/contacto\/","og_site_name":"JusPro Consulting","article_modified_time":"2024-12-16T08:45:33+00:00","twitter_card":"summary_large_image","schema":{"@context":"https:\/\/schema.org","@graph":[{"@type":"WebPage","@id":"https:\/\/www.jusproconsulting.com\/es\/contacto\/","url":"https:\/\/www.jusproconsulting.com\/es\/contacto\/","name":"Contacto | JusPro Consulting","isPartOf":{"@id":"https:\/\/www.jusproconsulting.com\/es\/#website"},"datePublished":"2023-10-05T10:51:57+00:00","dateModified":"2024-12-16T08:45:33+00:00","description":"Contacta con Juspro Consulting, te atenderemos a la mayor brevedad posible.","breadcrumb":{"@id":"https:\/\/www.jusproconsulting.com\/es\/contacto\/#breadcrumb"},"inLanguage":"es","potentialAction":[{"@type":"ReadAction","target":["https:\/\/www.jusproconsulting.com\/es\/contacto\/"]}]},{"@type":"BreadcrumbList","@id":"https:\/\/www.jusproconsulting.com\/es\/contacto\/#breadcrumb","itemListElement":[{"@type":"ListItem","position":1,"name":"Inici","item":"https:\/\/www.jusproconsulting.com\/es\/"},{"@type":"ListItem","position":2,"name":"Contacto"}]},{"@type":"WebSite","@id":"https:\/\/www.jusproconsulting.com\/es\/#website","url":"https:\/\/www.jusproconsulting.com\/es\/","name":"JusPro Consulting","description":"Servicio de Asesoramiento Jur\u00eddico Integral desde 2010","potentialAction":[{"@type":"SearchAction","target":{"@type":"EntryPoint","urlTemplate":"https:\/\/www.jusproconsulting.com\/es\/?s={search_term_string}"},"query-input":{"@type":"PropertyValueSpecification","valueRequired":true,"valueName":"search_term_string"}}],"inLanguage":"es"}]}},"_links":{"self":[{"href":"https:\/\/www.jusproconsulting.com\/es\/wp-json\/wp\/v2\/pages\/930","targetHints":{"allow":["GET"]}}],"collection":[{"href":"https:\/\/www.jusproconsulting.com\/es\/wp-json\/wp\/v2\/pages"}],"about":[{"href":"https:\/\/www.jusproconsulting.com\/es\/wp-json\/wp\/v2\/types\/page"}],"author":[{"embeddable":true,"href":"https:\/\/www.jusproconsulting.com\/es\/wp-json\/wp\/v2\/users\/1"}],"replies":[{"embeddable":true,"href":"https:\/\/www.jusproconsulting.com\/es\/wp-json\/wp\/v2\/comments?post=930"}],"version-history":[{"count":7,"href":"https:\/\/www.jusproconsulting.com\/es\/wp-json\/wp\/v2\/pages\/930\/revisions"}],"predecessor-version":[{"id":1356,"href":"https:\/\/www.jusproconsulting.com\/es\/wp-json\/wp\/v2\/pages\/930\/revisions\/1356"}],"wp:attachment":[{"href":"https:\/\/www.jusproconsulting.com\/es\/wp-json\/wp\/v2\/media?parent=930"}],"curies":[{"name":"wp","href":"https:\/\/api.w.org\/{rel}","templated":true}]}}