{"id":942,"date":"2023-11-10T11:20:23","date_gmt":"2023-11-10T10:20:23","guid":{"rendered":"https:\/\/www.jusproconsulting.com\/politica-de-cookies\/"},"modified":"2023-12-11T11:38:52","modified_gmt":"2023-12-11T10:38:52","slug":"politica-de-cookies","status":"publish","type":"page","link":"https:\/\/www.jusproconsulting.com\/es\/politica-de-cookies\/","title":{"rendered":"Pol\u00edtica de cookies"},"content":{"rendered":"<section class=\"l-section wpb_row height_medium\"><div class=\"l-section-h i-cf\"><div class=\"g-cols vc_row via_grid cols_1 laptops-cols_inherit tablets-cols_inherit mobiles-cols_1 valign_top type_default stacking_default\"><div class=\"wpb_column vc_column_container\"><div class=\"vc_column-inner\"><div class=\"wpb_text_column\"><div class=\"wpb_wrapper\"><h3>INTRODUCCI\u00d3N<\/h3>\n<p>El sitio web de <strong>JUSPRO CONSULTING SERVICES SL<\/strong> utiliza cookies propias y de terceros. Una cookie es un archivo que se descarga en su ordenador al acceder a ciertas p\u00e1ginas web. Las cookies permiten, entre otras cosas, garantizar el correcto funcionamiento de la p\u00e1gina, facilitar al Usuario un acceso m\u00e1s r\u00e1pido a los servicios seleccionados, almacenar y recuperar informaci\u00f3n sobre los h\u00e1bitos de navegaci\u00f3n de un usuario o de su equipo y, incluso, dependiendo de la informaci\u00f3n que contengan y de la forma en que utilice su equipo, pueden utilizarse para reconocer al usuario. Las cookies se asocian \u00fanicamente a un usuario an\u00f3nimo y su ordenador o dispositivo y no proporcionan referencias que permitan conocer sus datos personales, excepto con el permiso expreso del mismo.<\/p>\n<p>En cualquier momento, el usuario puede aceptar o rechazar las cookies instaladas que no sean estrictamente necesarias para el correcto funcionamiento del sitio web y el acceso del Usuario a sus servicios, a trav\u00e9s del panel de ajuste de cookies proporcionado en nuestra web. Tambi\u00e9n podr\u00e1 configurar su navegador en cualquier momento sin que esto perjudique la posibilidad del Usuario de acceder a los contenidos. No obstante, le informamos que el rechazo de las cookies puede afectar al buen funcionamiento del sitio.<\/p>\n<h3>COOKIES AFECTADAS POR LA NORMATIVA Y COOKIES EXENTAS<\/h3>\n<p>Seg\u00fan la directiva de la UE, las cookies que requieren el consentimiento informado por parte del usuario son las cookies de anal\u00edtica y las de publicidad y afiliaci\u00f3n, quedando exceptuadas las de car\u00e1cter t\u00e9cnico y las necesarias para el funcionamiento del sitio web o la prestaci\u00f3n de servicios expresamente solicitados por el usuario.<\/p>\n<h3>TIPOS DE COOKIES<\/h3>\n<p>a) Seg\u00fan <strong>la entidad que las gestione<\/strong>, hay Cookies <strong>propias<\/strong> (enviadas al equipo terminal del usuario desde un equipo o dominio gestionado por el propio editor y desde el cual se presta el servicio solicitado por el usuario) y de terceros (enviadas al equipo terminal del usuario desde un equipo o dominio que no es gestionado por el editor, sino por otra entidad que trata los datos obtenidos mediante las cookies).<\/p>\n<p>b) Seg\u00fan <strong>el tiempo que permanecen activas<\/strong>, hay las de <strong>sesi\u00f3n<\/strong> (dise\u00f1adas para solicitar y almacenar datos mientras el usuario accede a una p\u00e1gina web) y las <strong>persistentes<\/strong> (en las cuales los datos se almacenan en el terminal y pueden ser accesibles y tratados durante un per\u00edodo definido por el responsable de la galleta, que puede ir de unos minutos a varios a\u00f1os).<\/p>\n<p>c) Seg\u00fan la <strong>finalidad<\/strong> para la cual tratan la informaci\u00f3n que recopilan, pueden ser:<\/p>\n<ul>\n<li>\n<ul>\n<li><strong>Cookies t\u00e9cnicas<\/strong> (necesarias para el uso del sitio web y la prestaci\u00f3n del servicio contratado),<\/li>\n<li><strong>Cookies de personalizaci\u00f3n<\/strong> (permiten al usuario acceder al servicio con caracter\u00edsticas predefinidas, como el idioma, tipo de navegador, configuraci\u00f3n regional, etc.),<\/li>\n<li><strong>Cookies de an\u00e1lisis<\/strong> (recopilan informaci\u00f3n sobre el uso que se realiza del sitio web),<\/li>\n<li><strong>Cookies publicitarias<\/strong> (recopilan informaci\u00f3n sobre las preferencias y elecciones personales de los usuarios),<\/li>\n<li><strong>Cookies de afiliados<\/strong> (permiten hacer un seguimiento de las visitas procedentes de otras webs, con las que el sitio web establece un contrato de afiliaci\u00f3n).<\/li>\n<\/ul>\n<\/li>\n<\/ul>\n<h3>TIPOS DE COOKIES UTILIZADAS POR ESTE SITIO WEB<\/h3>\n<p>Usted podr\u00e1 <u>cambiar el consentimiento<\/u> respecto a la configuraci\u00f3n de cookies que haya aceptado al acceder a este sitio web.<br \/>\n&#8212;&#8212;&#8212;&#8212;&#8212;&#8212;&#8212;&#8212;&#8212;&#8212;&#8212;&#8211;<br \/>\n&#8212;&#8212;&#8212;&#8212;&#8212;&#8212;&#8212;&#8212;&#8212;&#8212;&#8212;&#8211;<\/p>\n<h3>REVOCACI\u00d3N<\/h3>\n<p>En todo momento podr\u00e1 acceder a la configuraci\u00f3n de su navegador aceptando o rechazando todas las cookies, o seleccionar aquellas que la instalaci\u00f3n admita y las que no, siguiendo uno de los siguientes procedimientos, que depende del navegador que utilice:<\/p>\n<p><strong>Google Chrome<\/strong> (en el Men\u00fa Herramientas):<br \/>\nConfiguraci\u00f3n &gt; Mostrar opciones avanzadas &gt; Privacidad (Configuraci\u00f3n de contenido) &gt; Cookies: [Enlace a la gu\u00eda](https:\/\/support.google.com\/chrome\/answer\/95647?co=GENIE.Platform%3DDesktopandhl=es)<\/p>\n<p><strong>Microsoft Internet Explorer<\/strong> (en el Men\u00fa Herramientas):<br \/>\nOpciones de Internet &gt; Privacidad &gt; Avanzada: [Enlace a la gu\u00eda](https:\/\/support.microsoft.com\/es-es\/help\/17442\/windows-internet-explorer-delete-manage-cookies)<\/p>\n<p><strong>Firefox:<\/strong><br \/>\nOpciones &gt; Privacidad &gt; Cookies: [Enlace a la gu\u00eda](https:\/\/support.mozilla.org\/es\/kb\/habilitar-y-deshabilitar-cookies-sitios-web-rastrear-preferencias)<\/p>\n<p><strong>Safari, iPad e iPhone:<\/strong><br \/>\nPreferencias &gt; Privacidad: [Enlace a la gu\u00eda](https:\/\/support.apple.com\/kb\/ph21411?locale=es_ES)<\/p>\n<p><strong>Opera:<\/strong><br \/>\nConfiguraci\u00f3n &gt; Opciones &gt; Avanzada &gt; Cookies [Enlace a la gu\u00eda](http:\/\/help.opera.com\/Windows\/12.00\/es-ES\/cookies.html)<\/p>\n<p>Estos navegadores est\u00e1n sujetos a actualizaciones o modificaciones, por lo que no podemos garantizar que se ajusten completamente a la versi\u00f3n de su navegador. Tambi\u00e9n puede ser que utilice otro navegador no contemplado en estos enlaces como Konqueror, Arora, Flock, etc. Para evitar estos desajustes, puede acceder directamente desde las opciones de su navegador, generalmente en el men\u00fa de \u00abOpciones\u00bb en la secci\u00f3n de \u00abPrivacidad\u00bb. (Consulte la ayuda de su navegador para obtener m\u00e1s informaci\u00f3n).<\/p>\n<h3>DESACTIVACI\u00d3N\/ACTIVACI\u00d3N Y ELIMINACI\u00d3N DE COOKIES<\/h3>\n<p>Para restringir o bloquear las cookies, se hace a trav\u00e9s de la configuraci\u00f3n del navegador.<\/p>\n<p>Si no desea que los sitios web coloquen ninguna cookie en su equipo, puede adaptar la configuraci\u00f3n del navegador para que le notifique antes de que se coloque cualquier cookie. De igual manera, puede adaptar la configuraci\u00f3n para que el navegador rechace todas las cookies, o solo las cookies de terceros. Tambi\u00e9n puede eliminar cualquiera de las cookies que ya se encuentren en el equipo. Recuerde que deber\u00e1 adaptar por separado la configuraci\u00f3n de cada navegador y equipo que utilice.<\/p>\n<p>Recuerde que si no desea recibir cookies, ya no podremos garantizar que nuestro sitio web funcione correctamente. Es posible que algunas funciones del sitio se pierdan y es posible que ya no pueda ver ciertos sitios web. Adem\u00e1s, el rechazo de las cookies no significa que ya no ver\u00e1 anuncios publicitarios. Simplemente, los anuncios no se ajustar\u00e1n a sus intereses y se repetir\u00e1n con m\u00e1s frecuencia.<\/p>\n<p>Cada navegador tiene un m\u00e9todo diferente para adaptar la configuraci\u00f3n. Si es necesario, consulte la funci\u00f3n de ayuda del navegador para establecer la configuraci\u00f3n correcta.<\/p>\n<p>Para desactivar las cookies en el tel\u00e9fono m\u00f3vil, consulte el manual del dispositivo para obtener m\u00e1s informaci\u00f3n.<\/p>\n<p>Puede obtener m\u00e1s informaci\u00f3n sobre las cookies en Internet, [http:\/\/www.aboutcookies.org](http:\/\/www.aboutcookies.org).<\/p>\n<p>Dado el funcionamiento de Internet y los sitios web, no siempre contamos con informaci\u00f3n sobre las cookies que colocan terceros a trav\u00e9s de nuestro sitio web. Esto se aplica especialmente a casos en los que nuestra p\u00e1gina web contiene lo que se denominan elementos integrados: textos, documentos, im\u00e1genes o breves pel\u00edculas que se almacenan en otra parte, pero se muestran en nuestro sitio web o a trav\u00e9s del mismo.<\/p>\n<p>Por lo tanto, en caso de encontrarse con este tipo de cookies en este sitio web y no est\u00e9n enumeradas en la lista anterior, le rogamos que nos lo comunique. O bien, p\u00f3ngase en contacto directamente con el tercero para solicitar informaci\u00f3n sobre las cookies que coloca, la finalidad y la duraci\u00f3n de la cookie, y c\u00f3mo ha garantizado su privacidad.<\/p>\n<h3>INFORMACI\u00d3N RELACIONADA CON EL TRATAMIENTO DE DATOS PERSONALES (ART. 13 RGPD)<\/h3>\n<p><strong>\u00bfQui\u00e9n es el responsable del tratamiento de sus datos personales?<\/strong><br \/>\n<strong>JUSPRO CONSULTING SERVICES SL es el responsable del tratamiento de los datos personales que usted nos proporciona, ubicado en C\/ Sant Menna, 20 bajos, 08181, Sentmenat (Barcelona) y con CIF B67550681 Tel\u00e9fono 937 154 203 y correo de contacto info@jusproconsulting.com.<\/strong><\/p>\n<p>Si no desea que los sitios web coloquen ninguna cookie en su equipo, puede adaptar la configuraci\u00f3n del navegador para que le notifique antes de que se coloque cualquier cookie. De igual manera, puede adaptar la configuraci\u00f3n para que el navegador rechace todas las cookies, o solo las cookies de terceros. Tambi\u00e9n puede eliminar cualquiera de las cookies que ya se encuentren en el equipo. Recuerde que deber\u00e1 adaptar por separado la configuraci\u00f3n de cada navegador y equipo que utilice.<\/p>\n<p><strong>\u00bfPara qu\u00e9 utilizamos sus datos personales?<\/strong><br \/>\nLa informaci\u00f3n recopilada a trav\u00e9s de las cookies propias (cookies de sesi\u00f3n y de entrada de usuario) suele utilizarse para rastrear las acciones del usuario al completar los formularios en l\u00ednea en varias p\u00e1ginas, o como cesta de la compra para hacer el seguimiento de los art\u00edculos que el usuario ha seleccionado al hacer clic en un bot\u00f3n, o para personalizar la interfaz del usuario al visitar la p\u00e1gina web.<\/p>\n<p>La informaci\u00f3n recopilada a trav\u00e9s de las cookies de terceros es la siguiente:<\/p>\n<ul>\n<li>A trav\u00e9s de las cookies anal\u00edticas se analizan sus h\u00e1bitos de navegaci\u00f3n para mejorar los servicios prestados;<\/li>\n<li>A trav\u00e9s de las cookies comportamentales se recoge informaci\u00f3n sobre las preferencias del usuario para gestionar los espacios publicitarios de la forma m\u00e1s eficaz posible; y<\/li>\n<li>A trav\u00e9s de las cookies publicitarias se mide el rendimiento de los anuncios y se proporcionan recomendaciones sobre productos basadas en datos estad\u00edsticos.<\/li>\n<\/ul>\n<p>Para ver exactamente el uso de las cookies, consulte el cuadro sobre el uso de las cookies en este documento.<\/p>\n<p><strong>\u00bfCu\u00e1l es la base legal para el tratamiento de sus datos personales?<\/strong><br \/>\nLa legitimaci\u00f3n para el tratamiento de sus datos personales se da por su consentimiento, otorgado en el momento de ponerse en contacto con nosotros, para la utilizaci\u00f3n de cookies anal\u00edticas, comportamentales y publicitarias; para las cookies de sesi\u00f3n o personalizaci\u00f3n, la legitimaci\u00f3n para el tratamiento se da por el inter\u00e9s leg\u00edtimo del prestador (responsable del tratamiento).<\/p>\n<p><strong>\u00bfA qui\u00e9n comunicamos sus datos?<\/strong><br \/>\nNo se ceder\u00e1n ni comunicar\u00e1n datos a terceros, excepto por obligaci\u00f3n legal o a los terceros indicados en el caso de uso de cookies gestionadas por estos.<\/p>\n<p><strong>\u00bfCu\u00e1l es el plazo de conservaci\u00f3n de sus datos?<\/strong><br \/>\nEl plazo de conservaci\u00f3n de los datos recogidos es el indicado en el cuadro sobre el uso de las cookies en este documento.<\/p>\n<p><strong>\u00bfCu\u00e1les son sus derechos?<\/strong><br \/>\nLos derechos que amparan al usuario son los de acceso, rectificaci\u00f3n, supresi\u00f3n, portabilidad de estos, retirada del consentimiento (sin que esto afecte a la licitud del tratamiento otorgado previamente a su retirada), oposici\u00f3n al tratamiento, limitaci\u00f3n (en determinadas circunstancias) y a presentar una reclamaci\u00f3n ante la autoridad de control (la Agencia Espa\u00f1ola de Protecci\u00f3n de Datos, www.aepd.es).<\/p>\n<\/div><\/div><\/div><\/div><\/div><\/div><\/section>\n","protected":false},"excerpt":{"rendered":"INTRODUCCI\u00d3N El sitio web de JUSPRO CONSULTING SERVICES SL utiliza cookies propias y de terceros. Una cookie es un archivo que se descarga en su ordenador al acceder a ciertas p\u00e1ginas web. Las cookies permiten, entre otras cosas, garantizar el correcto funcionamiento de la p\u00e1gina, facilitar al Usuario un acceso m\u00e1s r\u00e1pido a los servicios...","protected":false},"author":1,"featured_media":0,"parent":0,"menu_order":0,"comment_status":"closed","ping_status":"closed","template":"","meta":{"_joinchat":[],"footnotes":""},"class_list":["post-942","page","type-page","status-publish","hentry"],"yoast_head":"<!-- This site is optimized with the Yoast SEO plugin v24.2 - https:\/\/yoast.com\/wordpress\/plugins\/seo\/ -->\n<title>Pol\u00edtica de cookies - JusPro Consulting<\/title>\n<meta name=\"robots\" content=\"index, follow, max-snippet:-1, max-image-preview:large, max-video-preview:-1\" \/>\n<link rel=\"canonical\" href=\"https:\/\/www.jusproconsulting.com\/es\/politica-de-cookies\/\" \/>\n<meta property=\"og:locale\" content=\"es_ES\" \/>\n<meta property=\"og:type\" content=\"article\" \/>\n<meta property=\"og:title\" content=\"Pol\u00edtica de cookies - JusPro Consulting\" \/>\n<meta property=\"og:url\" content=\"https:\/\/www.jusproconsulting.com\/es\/politica-de-cookies\/\" \/>\n<meta property=\"og:site_name\" content=\"JusPro Consulting\" \/>\n<meta property=\"article:modified_time\" content=\"2023-12-11T10:38:52+00:00\" \/>\n<meta name=\"twitter:card\" content=\"summary_large_image\" \/>\n<script type=\"application\/ld+json\" class=\"yoast-schema-graph\">{\"@context\":\"https:\/\/schema.org\",\"@graph\":[{\"@type\":\"WebPage\",\"@id\":\"https:\/\/www.jusproconsulting.com\/es\/politica-de-cookies\/\",\"url\":\"https:\/\/www.jusproconsulting.com\/es\/politica-de-cookies\/\",\"name\":\"Pol\u00edtica de cookies - JusPro Consulting\",\"isPartOf\":{\"@id\":\"https:\/\/www.jusproconsulting.com\/es\/#website\"},\"datePublished\":\"2023-11-10T10:20:23+00:00\",\"dateModified\":\"2023-12-11T10:38:52+00:00\",\"breadcrumb\":{\"@id\":\"https:\/\/www.jusproconsulting.com\/es\/politica-de-cookies\/#breadcrumb\"},\"inLanguage\":\"es\",\"potentialAction\":[{\"@type\":\"ReadAction\",\"target\":[\"https:\/\/www.jusproconsulting.com\/es\/politica-de-cookies\/\"]}]},{\"@type\":\"BreadcrumbList\",\"@id\":\"https:\/\/www.jusproconsulting.com\/es\/politica-de-cookies\/#breadcrumb\",\"itemListElement\":[{\"@type\":\"ListItem\",\"position\":1,\"name\":\"Inici\",\"item\":\"https:\/\/www.jusproconsulting.com\/es\/\"},{\"@type\":\"ListItem\",\"position\":2,\"name\":\"Pol\u00edtica de cookies\"}]},{\"@type\":\"WebSite\",\"@id\":\"https:\/\/www.jusproconsulting.com\/es\/#website\",\"url\":\"https:\/\/www.jusproconsulting.com\/es\/\",\"name\":\"JusPro Consulting\",\"description\":\"Servicio de Asesoramiento Jur\u00eddico Integral desde 2010\",\"potentialAction\":[{\"@type\":\"SearchAction\",\"target\":{\"@type\":\"EntryPoint\",\"urlTemplate\":\"https:\/\/www.jusproconsulting.com\/es\/?s={search_term_string}\"},\"query-input\":{\"@type\":\"PropertyValueSpecification\",\"valueRequired\":true,\"valueName\":\"search_term_string\"}}],\"inLanguage\":\"es\"}]}<\/script>\n<!-- \/ Yoast SEO plugin. -->","yoast_head_json":{"title":"Pol\u00edtica de cookies - JusPro Consulting","robots":{"index":"index","follow":"follow","max-snippet":"max-snippet:-1","max-image-preview":"max-image-preview:large","max-video-preview":"max-video-preview:-1"},"canonical":"https:\/\/www.jusproconsulting.com\/es\/politica-de-cookies\/","og_locale":"es_ES","og_type":"article","og_title":"Pol\u00edtica de cookies - JusPro Consulting","og_url":"https:\/\/www.jusproconsulting.com\/es\/politica-de-cookies\/","og_site_name":"JusPro Consulting","article_modified_time":"2023-12-11T10:38:52+00:00","twitter_card":"summary_large_image","schema":{"@context":"https:\/\/schema.org","@graph":[{"@type":"WebPage","@id":"https:\/\/www.jusproconsulting.com\/es\/politica-de-cookies\/","url":"https:\/\/www.jusproconsulting.com\/es\/politica-de-cookies\/","name":"Pol\u00edtica de cookies - JusPro Consulting","isPartOf":{"@id":"https:\/\/www.jusproconsulting.com\/es\/#website"},"datePublished":"2023-11-10T10:20:23+00:00","dateModified":"2023-12-11T10:38:52+00:00","breadcrumb":{"@id":"https:\/\/www.jusproconsulting.com\/es\/politica-de-cookies\/#breadcrumb"},"inLanguage":"es","potentialAction":[{"@type":"ReadAction","target":["https:\/\/www.jusproconsulting.com\/es\/politica-de-cookies\/"]}]},{"@type":"BreadcrumbList","@id":"https:\/\/www.jusproconsulting.com\/es\/politica-de-cookies\/#breadcrumb","itemListElement":[{"@type":"ListItem","position":1,"name":"Inici","item":"https:\/\/www.jusproconsulting.com\/es\/"},{"@type":"ListItem","position":2,"name":"Pol\u00edtica de cookies"}]},{"@type":"WebSite","@id":"https:\/\/www.jusproconsulting.com\/es\/#website","url":"https:\/\/www.jusproconsulting.com\/es\/","name":"JusPro Consulting","description":"Servicio de Asesoramiento Jur\u00eddico Integral desde 2010","potentialAction":[{"@type":"SearchAction","target":{"@type":"EntryPoint","urlTemplate":"https:\/\/www.jusproconsulting.com\/es\/?s={search_term_string}"},"query-input":{"@type":"PropertyValueSpecification","valueRequired":true,"valueName":"search_term_string"}}],"inLanguage":"es"}]}},"_links":{"self":[{"href":"https:\/\/www.jusproconsulting.com\/es\/wp-json\/wp\/v2\/pages\/942","targetHints":{"allow":["GET"]}}],"collection":[{"href":"https:\/\/www.jusproconsulting.com\/es\/wp-json\/wp\/v2\/pages"}],"about":[{"href":"https:\/\/www.jusproconsulting.com\/es\/wp-json\/wp\/v2\/types\/page"}],"author":[{"embeddable":true,"href":"https:\/\/www.jusproconsulting.com\/es\/wp-json\/wp\/v2\/users\/1"}],"replies":[{"embeddable":true,"href":"https:\/\/www.jusproconsulting.com\/es\/wp-json\/wp\/v2\/comments?post=942"}],"version-history":[{"count":4,"href":"https:\/\/www.jusproconsulting.com\/es\/wp-json\/wp\/v2\/pages\/942\/revisions"}],"predecessor-version":[{"id":947,"href":"https:\/\/www.jusproconsulting.com\/es\/wp-json\/wp\/v2\/pages\/942\/revisions\/947"}],"wp:attachment":[{"href":"https:\/\/www.jusproconsulting.com\/es\/wp-json\/wp\/v2\/media?parent=942"}],"curies":[{"name":"wp","href":"https:\/\/api.w.org\/{rel}","templated":true}]}}