{"id":951,"date":"2023-11-10T11:21:39","date_gmt":"2023-11-10T10:21:39","guid":{"rendered":"https:\/\/www.jusproconsulting.com\/accesibilidad\/"},"modified":"2024-02-01T16:29:36","modified_gmt":"2024-02-01T15:29:36","slug":"accesibilidad","status":"publish","type":"page","link":"https:\/\/www.jusproconsulting.com\/es\/accesibilidad\/","title":{"rendered":"Accesibilidad"},"content":{"rendered":"<section class=\"l-section wpb_row height_medium\"><div class=\"l-section-h i-cf\"><div class=\"g-cols vc_row via_grid cols_1 laptops-cols_inherit tablets-cols_inherit mobiles-cols_1 valign_top type_default stacking_default\"><div class=\"wpb_column vc_column_container\"><div class=\"vc_column-inner\"><div class=\"wpb_text_column\"><div class=\"wpb_wrapper\"><h1>Accesibilidad<\/h1>\n<h2>Declaraci\u00f3n de accesibilidad<\/h2>\n<p>www.jusproconsulting.com se ha comprometido a hacer accesible su sitio web, de conformidad con el Real Decreto 1112\/2018, de 7 de septiembre, sobre accesibilidad de los sitios web y aplicaciones para dispositivos m\u00f3viles del sector p\u00fablico.<\/p>\n<p>Esta declaraci\u00f3n de accesibilidad se aplica al sitio web jusproconsulting.com.<\/p>\n<h3>Situaci\u00f3n de cumplimiento<\/h3>\n<p>Este sitio web es parcialmente conforme con el Real Decreto 1112\/2018, de 7 de septiembre, debido a la falta de conformidad de los aspectos que se indican a continuaci\u00f3n.<\/p>\n<h3>Contenido no accesible<\/h3>\n<p>El contenido que se recoge a continuaci\u00f3n no es accesible por lo siguiente:<\/p>\n<ul>\n<li>Falta de conformidad con el Real Decreto 1112\/2018, de 7 de septiembre: podr\u00edan existir errores puntuales de edici\u00f3n en alguna p\u00e1gina web, tanto en contenidos HTML como en documentos finales, publicados en fecha posterior al 20 de septiembre de 2018 (fecha de entrada en vigor del Real Decreto 1112\/2018, de 7 de septiembre). Concretamente, puede haber errores en aquellos documentos que contienen gr\u00e1ficos, tablas complejas o contenido publicado mediante herramientas autogestionables. Asimismo, podr\u00eda haber errores en el control de las animaciones HTML.<\/li>\n<li>Carga desproporcionada: no se aplica.<\/li>\n<li>El contenido no entra dentro del \u00e1mbito de la legislaci\u00f3n aplicable: no aplica.<\/li>\n<\/ul>\n<h3>Preparaci\u00f3n de esta declaraci\u00f3n de accesibilidad<\/h3>\n<p>Esta declaraci\u00f3n fue preparada el 04 de julio de 2023.<\/p>\n<p>El m\u00e9todo empleado para preparar la declaraci\u00f3n ha sido una autoevaluaci\u00f3n realizada por la empresa proveedora de jusproconsulting.com. \u00daltima revisi\u00f3n de la declaraci\u00f3n: 04 de julio de 2023.<\/p>\n<h3>Observaciones y datos de contacto<\/h3>\n<p>Puede realizar comunicaciones sobre requisitos de accesibilidad (art\u00edculo 10.2.a) del Real Decreto 1112\/2018, de 7 de septiembre), como, por ejemplo:<\/p>\n<ul>\n<li>Informar sobre cualquier posible incumplimiento por parte de este sitio web.<\/li>\n<li>Transmitir otras dificultades de acceso al contenido.<\/li>\n<li>Formular cualquier otra consulta o sugerencia de mejora relativa a la accesibilidad del sitio web.<\/li>\n<\/ul>\n<p>A trav\u00e9s de las siguientes v\u00edas:<\/p>\n<ul>\n<li>Correo electr\u00f3nico: info@jusproconsulting.com.<\/li>\n<li>Tel\u00e9fono: 937 154 203.<\/li>\n<\/ul>\n<p>Puede presentar:<\/p>\n<ul>\n<li>Una queja relativa al cumplimiento de los requisitos del RD 1112\/2018 o<\/li>\n<li>Una solicitud de informaci\u00f3n accesible relativa a:\n<ul>\n<li>contenidos que est\u00e1n excluidos del \u00e1mbito de aplicaci\u00f3n del RD 1112\/2018 seg\u00fan lo que establece el art\u00edculo 3, apartado 4<\/li>\n<li>o contenidos que est\u00e1n exentos del cumplimiento de los requisitos de accesibilidad por imponer una carga desproporcionada.<\/li>\n<\/ul>\n<\/li>\n<\/ul>\n<p>En la Solicitud de informaci\u00f3n accesible, es necesario especificar, con toda claridad, los hechos, las razones y la petici\u00f3n que permitan constatar que se trata de una solicitud razonable y leg\u00edtima.<\/p>\n<p>Las comunicaciones, quejas y solicitudes de informaci\u00f3n accesible ser\u00e1n recibidas y tratadas por www.jusproconsulting.com.<\/p>\n<h3>Procedimiento de aplicaci\u00f3n<\/h3>\n<p>Si una vez hecha una solicitud de informaci\u00f3n accesible o queja, esta ha sido desestimada, no est\u00e1 de acuerdo con la decisi\u00f3n adoptada, o la respuesta no cumple con los requisitos que prev\u00e9 el art\u00edculo 12.5, la persona interesada puede iniciar una reclamaci\u00f3n. Igualmente, se podr\u00e1 iniciar una reclamaci\u00f3n en caso de que haya transcurrido el plazo de veinte d\u00edas h\u00e1biles sin haber obtenido respuesta.<\/p>\n<p>La reclamaci\u00f3n puede ser presentada a trav\u00e9s de la Instancia Gen\u00e9rica de la Sede electr\u00f3nica del Ministerio de Asuntos Econ\u00f3micos y Transformaci\u00f3n Digital, as\u00ed como al resto de opciones recogidas en la Ley 39\/2015, de 1 de octubre, del Procedimiento Administrativo Com\u00fan de las administraciones p\u00fablicas.<\/p>\n<p>Las reclamaciones ser\u00e1n recibidas y tratadas por el Ministerio de Asuntos Econ\u00f3micos y Transformaci\u00f3n Digital.<\/p>\n<h3>Contenido opcional<\/h3>\n<p>La versi\u00f3n actualmente visible de este sitio web es de diciembre de 2022 y en esta fecha se realiz\u00f3 la revisi\u00f3n del nivel de accesibilidad vigente en aquel momento.<\/p>\n<p>A partir de la fecha mencionada, se realizan revisiones parciales diarias del contenido web nuevo o modificado, tanto de las plantillas como de las p\u00e1ginas y documentos finales publicados, con el fin de asegurar el cumplimiento de los requisitos de accesibilidad de la Norma UNE-EN 301549:2019, considerando las excepciones del Real Decreto 1112\/2018, de 7 de septiembre.<\/p>\n<p>Entre otras, se adoptan las siguientes medidas para facilitar la accesibilidad:<\/p>\n<ul>\n<li>Utilizaci\u00f3n de texto alternativo en las im\u00e1genes.<\/li>\n<li>Separar el contenido de la presentaci\u00f3n mediante el uso de hojas de estilo (CSS).<\/li>\n<li>Estructurar y etiquetar correctamente el contenido de las p\u00e1ginas.<\/li>\n<li>Realizar una maquetaci\u00f3n mediante CSS y con un dise\u00f1o l\u00edquido para que se adapte a cualquier resoluci\u00f3n de pantalla.<\/li>\n<li>Utilizar un texto significativo en los enlaces.<\/li>\n<li>Evitar combinaciones de colores de poco contraste, evitar transmitir informaci\u00f3n solo a trav\u00e9s del color.<\/li>\n<li>Evitar el uso de JavaScript en la medida de lo posible.<\/li>\n<li>Evitar el uso de marcos (frames).<\/li>\n<li>Uso de los est\u00e1ndares del W3C: HTML5, CSS 3.0, WAI AA.<\/li>\n<\/ul>\n<\/div><\/div><\/div><\/div><\/div><\/div><\/section>\n","protected":false},"excerpt":{"rendered":"Accesibilidad Declaraci\u00f3n de accesibilidad www.jusproconsulting.com se ha comprometido a hacer accesible su sitio web, de conformidad con el Real Decreto 1112\/2018, de 7 de septiembre, sobre accesibilidad de los sitios web y aplicaciones para dispositivos m\u00f3viles del sector p\u00fablico. Esta declaraci\u00f3n de accesibilidad se aplica al sitio web jusproconsulting.com. Situaci\u00f3n de cumplimiento Este sitio web...","protected":false},"author":1,"featured_media":0,"parent":0,"menu_order":0,"comment_status":"closed","ping_status":"closed","template":"","meta":{"_joinchat":[],"footnotes":""},"class_list":["post-951","page","type-page","status-publish","hentry"],"yoast_head":"<!-- This site is optimized with the Yoast SEO plugin v24.2 - https:\/\/yoast.com\/wordpress\/plugins\/seo\/ -->\n<title>Accesibilidad - JusPro Consulting<\/title>\n<meta name=\"robots\" content=\"index, follow, max-snippet:-1, max-image-preview:large, max-video-preview:-1\" \/>\n<link rel=\"canonical\" href=\"https:\/\/www.jusproconsulting.com\/es\/accesibilidad\/\" \/>\n<meta property=\"og:locale\" content=\"es_ES\" \/>\n<meta property=\"og:type\" content=\"article\" \/>\n<meta property=\"og:title\" content=\"Accesibilidad - JusPro Consulting\" \/>\n<meta property=\"og:url\" content=\"https:\/\/www.jusproconsulting.com\/es\/accesibilidad\/\" \/>\n<meta property=\"og:site_name\" content=\"JusPro Consulting\" \/>\n<meta property=\"article:modified_time\" content=\"2024-02-01T15:29:36+00:00\" \/>\n<meta name=\"twitter:card\" content=\"summary_large_image\" \/>\n<script type=\"application\/ld+json\" class=\"yoast-schema-graph\">{\"@context\":\"https:\/\/schema.org\",\"@graph\":[{\"@type\":\"WebPage\",\"@id\":\"https:\/\/www.jusproconsulting.com\/es\/accesibilidad\/\",\"url\":\"https:\/\/www.jusproconsulting.com\/es\/accesibilidad\/\",\"name\":\"Accesibilidad - JusPro Consulting\",\"isPartOf\":{\"@id\":\"https:\/\/www.jusproconsulting.com\/es\/#website\"},\"datePublished\":\"2023-11-10T10:21:39+00:00\",\"dateModified\":\"2024-02-01T15:29:36+00:00\",\"breadcrumb\":{\"@id\":\"https:\/\/www.jusproconsulting.com\/es\/accesibilidad\/#breadcrumb\"},\"inLanguage\":\"es\",\"potentialAction\":[{\"@type\":\"ReadAction\",\"target\":[\"https:\/\/www.jusproconsulting.com\/es\/accesibilidad\/\"]}]},{\"@type\":\"BreadcrumbList\",\"@id\":\"https:\/\/www.jusproconsulting.com\/es\/accesibilidad\/#breadcrumb\",\"itemListElement\":[{\"@type\":\"ListItem\",\"position\":1,\"name\":\"Inici\",\"item\":\"https:\/\/www.jusproconsulting.com\/es\/\"},{\"@type\":\"ListItem\",\"position\":2,\"name\":\"Accesibilidad\"}]},{\"@type\":\"WebSite\",\"@id\":\"https:\/\/www.jusproconsulting.com\/es\/#website\",\"url\":\"https:\/\/www.jusproconsulting.com\/es\/\",\"name\":\"JusPro Consulting\",\"description\":\"Servicio de Asesoramiento Jur\u00eddico Integral desde 2010\",\"potentialAction\":[{\"@type\":\"SearchAction\",\"target\":{\"@type\":\"EntryPoint\",\"urlTemplate\":\"https:\/\/www.jusproconsulting.com\/es\/?s={search_term_string}\"},\"query-input\":{\"@type\":\"PropertyValueSpecification\",\"valueRequired\":true,\"valueName\":\"search_term_string\"}}],\"inLanguage\":\"es\"}]}<\/script>\n<!-- \/ Yoast SEO plugin. -->","yoast_head_json":{"title":"Accesibilidad - JusPro Consulting","robots":{"index":"index","follow":"follow","max-snippet":"max-snippet:-1","max-image-preview":"max-image-preview:large","max-video-preview":"max-video-preview:-1"},"canonical":"https:\/\/www.jusproconsulting.com\/es\/accesibilidad\/","og_locale":"es_ES","og_type":"article","og_title":"Accesibilidad - JusPro Consulting","og_url":"https:\/\/www.jusproconsulting.com\/es\/accesibilidad\/","og_site_name":"JusPro Consulting","article_modified_time":"2024-02-01T15:29:36+00:00","twitter_card":"summary_large_image","schema":{"@context":"https:\/\/schema.org","@graph":[{"@type":"WebPage","@id":"https:\/\/www.jusproconsulting.com\/es\/accesibilidad\/","url":"https:\/\/www.jusproconsulting.com\/es\/accesibilidad\/","name":"Accesibilidad - JusPro Consulting","isPartOf":{"@id":"https:\/\/www.jusproconsulting.com\/es\/#website"},"datePublished":"2023-11-10T10:21:39+00:00","dateModified":"2024-02-01T15:29:36+00:00","breadcrumb":{"@id":"https:\/\/www.jusproconsulting.com\/es\/accesibilidad\/#breadcrumb"},"inLanguage":"es","potentialAction":[{"@type":"ReadAction","target":["https:\/\/www.jusproconsulting.com\/es\/accesibilidad\/"]}]},{"@type":"BreadcrumbList","@id":"https:\/\/www.jusproconsulting.com\/es\/accesibilidad\/#breadcrumb","itemListElement":[{"@type":"ListItem","position":1,"name":"Inici","item":"https:\/\/www.jusproconsulting.com\/es\/"},{"@type":"ListItem","position":2,"name":"Accesibilidad"}]},{"@type":"WebSite","@id":"https:\/\/www.jusproconsulting.com\/es\/#website","url":"https:\/\/www.jusproconsulting.com\/es\/","name":"JusPro Consulting","description":"Servicio de Asesoramiento Jur\u00eddico Integral desde 2010","potentialAction":[{"@type":"SearchAction","target":{"@type":"EntryPoint","urlTemplate":"https:\/\/www.jusproconsulting.com\/es\/?s={search_term_string}"},"query-input":{"@type":"PropertyValueSpecification","valueRequired":true,"valueName":"search_term_string"}}],"inLanguage":"es"}]}},"_links":{"self":[{"href":"https:\/\/www.jusproconsulting.com\/es\/wp-json\/wp\/v2\/pages\/951","targetHints":{"allow":["GET"]}}],"collection":[{"href":"https:\/\/www.jusproconsulting.com\/es\/wp-json\/wp\/v2\/pages"}],"about":[{"href":"https:\/\/www.jusproconsulting.com\/es\/wp-json\/wp\/v2\/types\/page"}],"author":[{"embeddable":true,"href":"https:\/\/www.jusproconsulting.com\/es\/wp-json\/wp\/v2\/users\/1"}],"replies":[{"embeddable":true,"href":"https:\/\/www.jusproconsulting.com\/es\/wp-json\/wp\/v2\/comments?post=951"}],"version-history":[{"count":5,"href":"https:\/\/www.jusproconsulting.com\/es\/wp-json\/wp\/v2\/pages\/951\/revisions"}],"predecessor-version":[{"id":1217,"href":"https:\/\/www.jusproconsulting.com\/es\/wp-json\/wp\/v2\/pages\/951\/revisions\/1217"}],"wp:attachment":[{"href":"https:\/\/www.jusproconsulting.com\/es\/wp-json\/wp\/v2\/media?parent=951"}],"curies":[{"name":"wp","href":"https:\/\/api.w.org\/{rel}","templated":true}]}}